{"id":1690,"date":"2020-06-07T11:48:40","date_gmt":"2020-06-07T09:48:40","guid":{"rendered":"https:\/\/acig-medical.de\/exposition-virtuelle\/"},"modified":"2025-04-08T10:51:22","modified_gmt":"2025-04-08T08:51:22","slug":"exposition-virtuelle","status":"publish","type":"page","link":"https:\/\/acig-medical.de\/fr\/exposition-virtuelle\/","title":{"rendered":"Exposition virtuelle"},"content":{"rendered":"\t\t<div data-elementor-type=\"wp-page\" data-elementor-id=\"1690\" class=\"elementor elementor-1690 elementor-641\" data-elementor-post-type=\"page\">\n\t\t\t\t\t\t<section class=\"ob-is-breaking-bad elementor-section elementor-top-section elementor-element elementor-element-34670f7 elementor-section-boxed ang-section-padding-initial elementor-section-height-default elementor-section-height-default elementor-repeater-item-none elementor-repeater-item-none_hover\" data-id=\"34670f7\" data-element_type=\"section\" data-e-type=\"section\" data-settings=\"{&quot;_ob_bbad_use_it&quot;:&quot;yes&quot;,&quot;_ob_bbad_sssic_use&quot;:&quot;no&quot;,&quot;_ob_glider_is_slider&quot;:&quot;no&quot;}\">\n\t\t\t\t\t\t<div class=\"elementor-container elementor-column-gap-default\">\n\t\t\t\t\t<div class=\"elementor-column elementor-col-100 elementor-top-column elementor-element elementor-element-2035c43 elementor-repeater-item-none elementor-repeater-item-none_hover\" data-id=\"2035c43\" data-element_type=\"column\" data-e-type=\"column\" data-settings=\"{&quot;_ob_bbad_is_stalker&quot;:&quot;no&quot;,&quot;_ob_teleporter_use&quot;:false,&quot;_ob_column_hoveranimator&quot;:&quot;no&quot;,&quot;_ob_column_has_pseudo&quot;:&quot;no&quot;}\">\n\t\t\t<div class=\"elementor-widget-wrap elementor-element-populated\">\n\t\t\t\t\t\t<div class=\"elementor-element elementor-element-6cefe4d4 ob-harakiri-inherit elementor-repeater-item-none elementor-repeater-item-none_hover ob-has-background-overlay elementor-widget elementor-widget-heading\" data-id=\"6cefe4d4\" data-element_type=\"widget\" data-e-type=\"widget\" data-settings=\"{&quot;_ob_use_harakiri&quot;:&quot;yes&quot;,&quot;_ob_harakiri_writing_mode&quot;:&quot;inherit&quot;,&quot;_ob_harakiri_text_clip&quot;:&quot;none&quot;,&quot;_ob_perspektive_use&quot;:&quot;no&quot;,&quot;_ob_poopart_use&quot;:&quot;yes&quot;,&quot;_ob_shadough_use&quot;:&quot;no&quot;,&quot;_ob_allow_hoveranimator&quot;:&quot;no&quot;,&quot;_ob_widget_stalker_use&quot;:&quot;no&quot;}\" data-widget_type=\"heading.default\">\n\t\t\t\t<div class=\"elementor-widget-container\">\n\t\t\t\t\t<h1 class=\"elementor-heading-title elementor-size-default\">L'exposition virtuelle ACIG<\/h1>\t\t\t\t<\/div>\n\t\t\t\t<\/div>\n\t\t\t\t<div class=\"elementor-element elementor-element-487c0512 ob-harakiri-inherit elementor-repeater-item-none elementor-repeater-item-none_hover ob-has-background-overlay elementor-widget elementor-widget-text-editor\" data-id=\"487c0512\" data-element_type=\"widget\" data-e-type=\"widget\" data-settings=\"{&quot;_ob_use_harakiri&quot;:&quot;yes&quot;,&quot;_ob_harakiri_writing_mode&quot;:&quot;inherit&quot;,&quot;_ob_postman_use&quot;:&quot;no&quot;,&quot;_ob_perspektive_use&quot;:&quot;no&quot;,&quot;_ob_poopart_use&quot;:&quot;yes&quot;,&quot;_ob_shadough_use&quot;:&quot;no&quot;,&quot;_ob_allow_hoveranimator&quot;:&quot;no&quot;,&quot;_ob_widget_stalker_use&quot;:&quot;no&quot;}\" data-widget_type=\"text-editor.default\">\n\t\t\t\t<div class=\"elementor-widget-container\">\n\t\t\t\t\t\t\t\t\t<p>L&#8217;exposition ACIG est une exposition permanente de technologie m\u00e9dicale \u00e0 Tuttlingen avec plus de 150 exposants dans le domaine de la technologie m\u00e9dicale, des fournisseurs sp\u00e9cialis\u00e9s ou des fournisseurs de technologie m\u00e9dicale.<\/p>\n<p>La visite virtuelle de notre exposition est une bonne alternative \u00e0 une visite personnelle \u00e0 cette \u00e9poque. Amusez-vous bien !<\/p>\n\t\t\t\t\t\t\t\t<\/div>\n\t\t\t\t<\/div>\n\t\t\t\t\t<\/div>\n\t\t<\/div>\n\t\t\t\t\t<\/div>\n\t\t<\/section>\n\t\t\t\t<section class=\"ob-is-breaking-bad elementor-section elementor-top-section elementor-element elementor-element-4b54ea6 elementor-section-boxed ang-section-padding-initial elementor-section-height-default elementor-section-height-default elementor-repeater-item-none elementor-repeater-item-none_hover\" data-id=\"4b54ea6\" data-element_type=\"section\" data-e-type=\"section\" data-settings=\"{&quot;_ob_bbad_use_it&quot;:&quot;yes&quot;,&quot;_ob_bbad_sssic_use&quot;:&quot;no&quot;,&quot;_ob_glider_is_slider&quot;:&quot;no&quot;}\">\n\t\t\t\t\t\t<div class=\"elementor-container elementor-column-gap-default\">\n\t\t\t\t\t<div class=\"elementor-column elementor-col-100 elementor-top-column elementor-element elementor-element-eab28e3 elementor-repeater-item-none elementor-repeater-item-none_hover\" data-id=\"eab28e3\" data-element_type=\"column\" data-e-type=\"column\" data-settings=\"{&quot;_ob_bbad_is_stalker&quot;:&quot;no&quot;,&quot;_ob_teleporter_use&quot;:false,&quot;_ob_column_hoveranimator&quot;:&quot;no&quot;,&quot;_ob_column_has_pseudo&quot;:&quot;no&quot;}\">\n\t\t\t<div class=\"elementor-widget-wrap elementor-element-populated\">\n\t\t\t\t\t\t<div class=\"elementor-element elementor-element-316cbb9 external_elementor-repeater-item-none_external elementor-repeater-item-none elementor-repeater-item-none_hover ob-has-background-overlay elementor-widget elementor-widget-image\" data-id=\"316cbb9\" data-element_type=\"widget\" data-e-type=\"widget\" data-settings=\"{&quot;_ob_photomorph_use&quot;:&quot;no&quot;,&quot;_ob_perspektive_use&quot;:&quot;no&quot;,&quot;_ob_poopart_use&quot;:&quot;yes&quot;,&quot;_ob_shadough_use&quot;:&quot;no&quot;,&quot;_ob_allow_hoveranimator&quot;:&quot;no&quot;,&quot;_ob_widget_stalker_use&quot;:&quot;no&quot;}\" data-widget_type=\"image.default\">\n\t\t\t\t<div class=\"elementor-widget-container\">\n\t\t\t\t\t\t\t\t\t\t\t\t\t\t\t\t<a href=\"https:\/\/my.matterport.com\/show\/?m=rMNhg82FVQr&#038;brand=0\" target=\"_blank\" rel=\"noopener\">\n\t\t\t\t\t\t\t<img fetchpriority=\"high\" decoding=\"async\" width=\"2560\" height=\"1440\" src=\"https:\/\/acig-medical.de\/wp-content\/uploads\/2020\/06\/ACIG-Ausstellung_online_01.jpg\" class=\"attachment-full size-full wp-image-1522\" alt=\"\" srcset=\"https:\/\/acig-medical.de\/wp-content\/uploads\/2020\/06\/ACIG-Ausstellung_online_01.jpg 2560w, https:\/\/acig-medical.de\/wp-content\/uploads\/2020\/06\/ACIG-Ausstellung_online_01-300x169.jpg 300w, https:\/\/acig-medical.de\/wp-content\/uploads\/2020\/06\/ACIG-Ausstellung_online_01-1024x576.jpg 1024w, https:\/\/acig-medical.de\/wp-content\/uploads\/2020\/06\/ACIG-Ausstellung_online_01-768x432.jpg 768w, https:\/\/acig-medical.de\/wp-content\/uploads\/2020\/06\/ACIG-Ausstellung_online_01-1536x864.jpg 1536w, https:\/\/acig-medical.de\/wp-content\/uploads\/2020\/06\/ACIG-Ausstellung_online_01-2048x1152.jpg 2048w, https:\/\/acig-medical.de\/wp-content\/uploads\/2020\/06\/ACIG-Ausstellung_online_01-240x135.jpg 240w\" sizes=\"(max-width: 2560px) 100vw, 2560px\" \/>\t\t\t\t\t\t\t\t<\/a>\n\t\t\t\t\t\t\t\t\t\t\t\t\t\t\t<\/div>\n\t\t\t\t<\/div>\n\t\t\t\t<div class=\"elementor-element elementor-element-76b9063 elementor-view-default elementor-repeater-item-none elementor-repeater-item-none_hover ob-has-background-overlay elementor-widget elementor-widget-icon\" data-id=\"76b9063\" data-element_type=\"widget\" data-e-type=\"widget\" data-settings=\"{&quot;_ob_perspektive_use&quot;:&quot;no&quot;,&quot;_ob_poopart_use&quot;:&quot;yes&quot;,&quot;_ob_shadough_use&quot;:&quot;no&quot;,&quot;_ob_allow_hoveranimator&quot;:&quot;no&quot;,&quot;_ob_widget_stalker_use&quot;:&quot;no&quot;}\" data-widget_type=\"icon.default\">\n\t\t\t\t<div class=\"elementor-widget-container\">\n\t\t\t\t\t\t\t<div class=\"elementor-icon-wrapper\">\n\t\t\t<a class=\"elementor-icon\" href=\"https:\/\/my.matterport.com\/show\/?m=rMNhg82FVQr&#038;brand=0\" target=\"_blank\" rel=\"noopener\">\n\t\t\t<i aria-hidden=\"true\" class=\"fas fa-play-circle\"><\/i>\t\t\t<\/a>\n\t\t<\/div>\n\t\t\t\t\t\t<\/div>\n\t\t\t\t<\/div>\n\t\t\t\t<div class=\"elementor-element elementor-element-c52723a elementor-align-center elementor-repeater-item-none elementor-repeater-item-none_hover ob-has-background-overlay elementor-widget elementor-widget-button\" data-id=\"c52723a\" data-element_type=\"widget\" data-e-type=\"widget\" data-settings=\"{&quot;_ob_butterbutton_use_it&quot;:&quot;no&quot;,&quot;_ob_perspektive_use&quot;:&quot;no&quot;,&quot;_ob_poopart_use&quot;:&quot;yes&quot;,&quot;_ob_shadough_use&quot;:&quot;no&quot;,&quot;_ob_allow_hoveranimator&quot;:&quot;no&quot;,&quot;_ob_widget_stalker_use&quot;:&quot;no&quot;}\" data-widget_type=\"button.default\">\n\t\t\t\t<div class=\"elementor-widget-container\">\n\t\t\t\t\t\t\t\t\t<div class=\"elementor-button-wrapper\">\n\t\t\t\t\t<a class=\"elementor-button elementor-button-link elementor-size-xl\" href=\"https:\/\/my.matterport.com\/show\/?m=rMNhg82FVQr&#038;brand=0\" target=\"_blank\" rel=\"noopener\">\n\t\t\t\t\t\t<span class=\"elementor-button-content-wrapper\">\n\t\t\t\t\t\t<span class=\"elementor-button-icon\">\n\t\t\t\t<i aria-hidden=\"true\" class=\"far fa-bullseye-pointer\"><\/i>\t\t\t<\/span>\n\t\t\t\t\t\t\t\t\t<span class=\"elementor-button-text\">Visitez l'exposition<\/span>\n\t\t\t\t\t<\/span>\n\t\t\t\t\t<\/a>\n\t\t\t\t<\/div>\n\t\t\t\t\t\t\t\t<\/div>\n\t\t\t\t<\/div>\n\t\t\t\t\t<\/div>\n\t\t<\/div>\n\t\t\t\t\t<\/div>\n\t\t<\/section>\n\t\t\t\t<\/div>\n\t\t","protected":false},"excerpt":{"rendered":"<p>L&#8217;exposition virtuelle ACIG L&#8217;exposition ACIG est une exposition permanente de technologie m\u00e9dicale \u00e0 Tuttlingen avec plus de 150 exposants dans le domaine de la technologie m\u00e9dicale, des fournisseurs sp\u00e9cialis\u00e9s ou des fournisseurs de technologie m\u00e9dicale. La visite virtuelle de notre exposition est une bonne alternative \u00e0 une visite personnelle \u00e0 cette \u00e9poque. Amusez-vous bien ! [&hellip;]<\/p>\n","protected":false},"author":2,"featured_media":0,"parent":0,"menu_order":50,"comment_status":"closed","ping_status":"closed","template":"","meta":{"footnotes":""},"class_list":["post-1690","page","type-page","status-publish","hentry"],"_links":{"self":[{"href":"https:\/\/acig-medical.de\/fr\/wp-json\/wp\/v2\/pages\/1690","targetHints":{"allow":["GET"]}}],"collection":[{"href":"https:\/\/acig-medical.de\/fr\/wp-json\/wp\/v2\/pages"}],"about":[{"href":"https:\/\/acig-medical.de\/fr\/wp-json\/wp\/v2\/types\/page"}],"author":[{"embeddable":true,"href":"https:\/\/acig-medical.de\/fr\/wp-json\/wp\/v2\/users\/2"}],"replies":[{"embeddable":true,"href":"https:\/\/acig-medical.de\/fr\/wp-json\/wp\/v2\/comments?post=1690"}],"version-history":[{"count":4,"href":"https:\/\/acig-medical.de\/fr\/wp-json\/wp\/v2\/pages\/1690\/revisions"}],"predecessor-version":[{"id":5418,"href":"https:\/\/acig-medical.de\/fr\/wp-json\/wp\/v2\/pages\/1690\/revisions\/5418"}],"wp:attachment":[{"href":"https:\/\/acig-medical.de\/fr\/wp-json\/wp\/v2\/media?parent=1690"}],"curies":[{"name":"wp","href":"https:\/\/api.w.org\/{rel}","templated":true}]}}