{"id":1659,"date":"2020-06-07T11:37:25","date_gmt":"2020-06-07T09:37:25","guid":{"rendered":"https:\/\/acig-medical.de\/tuttlingen-centre-mondial-de-technologie-medicale\/"},"modified":"2020-06-07T11:37:25","modified_gmt":"2020-06-07T09:37:25","slug":"tuttlingen-centre-mondial-de-technologie-medicale","status":"publish","type":"page","link":"https:\/\/acig-medical.de\/fr\/tuttlingen-centre-mondial-de-technologie-medicale\/","title":{"rendered":"Tuttlingen &#8211; Centre mondial de technologie m\u00e9dicale"},"content":{"rendered":"\t\t<div data-elementor-type=\"wp-page\" data-elementor-id=\"1659\" class=\"elementor elementor-1659 elementor-739\" data-elementor-post-type=\"page\">\n\t\t\t\t\t\t<section class=\"ob-is-breaking-bad elementor-section elementor-top-section elementor-element elementor-element-a553138 elementor-section-height-min-height elementor-section-items-bottom elementor-section-boxed ang-section-padding-initial elementor-section-height-default elementor-repeater-item-none elementor-repeater-item-none_hover\" data-id=\"a553138\" data-element_type=\"section\" data-e-type=\"section\" data-settings=\"{&quot;background_background&quot;:&quot;video&quot;,&quot;background_video_link&quot;:&quot;https:\\\/\\\/acig-medical.de\\\/wp-content\\\/uploads\\\/2020\\\/06\\\/Blick_ueber_Tuttlingen-2.mp4&quot;,&quot;background_video_start&quot;:0,&quot;background_play_on_mobile&quot;:&quot;yes&quot;,&quot;_ob_bbad_use_it&quot;:&quot;yes&quot;,&quot;_ob_bbad_sssic_use&quot;:&quot;no&quot;,&quot;_ob_glider_is_slider&quot;:&quot;no&quot;}\">\n\t\t\t\t\t\t\t\t<div class=\"elementor-background-video-container\">\n\t\t\t\t\t\t\t\t\t\t\t\t\t<video class=\"elementor-background-video-hosted\" role=\"presentation\" autoplay muted playsinline loop><\/video>\n\t\t\t\t\t\t\t\t\t\t\t<\/div>\n\t\t\t\t\t\t\t\t\t<div class=\"elementor-background-overlay\"><\/div>\n\t\t\t\t\t\t\t<div class=\"elementor-container elementor-column-gap-no\">\n\t\t\t\t\t<div class=\"elementor-column elementor-col-100 elementor-top-column elementor-element elementor-element-8d8d9e3 elementor-repeater-item-none elementor-repeater-item-none_hover\" data-id=\"8d8d9e3\" data-element_type=\"column\" data-e-type=\"column\" data-settings=\"{&quot;_ob_bbad_is_stalker&quot;:&quot;no&quot;,&quot;_ob_teleporter_use&quot;:false,&quot;_ob_column_hoveranimator&quot;:&quot;no&quot;,&quot;_ob_column_has_pseudo&quot;:&quot;no&quot;}\">\n\t\t\t<div class=\"elementor-widget-wrap elementor-element-populated\">\n\t\t\t\t\t\t<div class=\"elementor-element elementor-element-7599508b ob-harakiri-inherit elementor-repeater-item-none elementor-repeater-item-none_hover ob-has-background-overlay elementor-widget elementor-widget-heading\" data-id=\"7599508b\" data-element_type=\"widget\" data-e-type=\"widget\" data-settings=\"{&quot;_ob_use_harakiri&quot;:&quot;yes&quot;,&quot;_ob_harakiri_writing_mode&quot;:&quot;inherit&quot;,&quot;_ob_harakiri_text_clip&quot;:&quot;none&quot;,&quot;_ob_perspektive_use&quot;:&quot;no&quot;,&quot;_ob_poopart_use&quot;:&quot;yes&quot;,&quot;_ob_shadough_use&quot;:&quot;no&quot;,&quot;_ob_allow_hoveranimator&quot;:&quot;no&quot;,&quot;_ob_widget_stalker_use&quot;:&quot;no&quot;}\" data-widget_type=\"heading.default\">\n\t\t\t\t<div class=\"elementor-widget-container\">\n\t\t\t\t\t<div class=\"elementor-heading-title elementor-size-default\">Tuttlingen<\/div>\t\t\t\t<\/div>\n\t\t\t\t<\/div>\n\t\t\t\t<div class=\"elementor-element elementor-element-5d5fbd3 ob-harakiri-inherit elementor-repeater-item-none elementor-repeater-item-none_hover ob-has-background-overlay elementor-widget elementor-widget-heading\" data-id=\"5d5fbd3\" data-element_type=\"widget\" data-e-type=\"widget\" data-settings=\"{&quot;_ob_use_harakiri&quot;:&quot;yes&quot;,&quot;_ob_harakiri_writing_mode&quot;:&quot;inherit&quot;,&quot;_ob_harakiri_text_clip&quot;:&quot;none&quot;,&quot;_ob_perspektive_use&quot;:&quot;no&quot;,&quot;_ob_poopart_use&quot;:&quot;yes&quot;,&quot;_ob_shadough_use&quot;:&quot;no&quot;,&quot;_ob_allow_hoveranimator&quot;:&quot;no&quot;,&quot;_ob_widget_stalker_use&quot;:&quot;no&quot;}\" data-widget_type=\"heading.default\">\n\t\t\t\t<div class=\"elementor-widget-container\">\n\t\t\t\t\t<h1 class=\"elementor-heading-title elementor-size-default\">Centre mondial de technologie m\u00e9dicale<\/h1>\t\t\t\t<\/div>\n\t\t\t\t<\/div>\n\t\t\t\t\t<\/div>\n\t\t<\/div>\n\t\t\t\t\t<\/div>\n\t\t<\/section>\n\t\t\t\t<section class=\"ob-is-breaking-bad elementor-section elementor-top-section elementor-element elementor-element-6fd5e64f elementor-section-boxed ang-section-padding-initial elementor-section-height-default elementor-section-height-default elementor-repeater-item-none elementor-repeater-item-none_hover\" data-id=\"6fd5e64f\" data-element_type=\"section\" data-e-type=\"section\" data-settings=\"{&quot;_ob_bbad_use_it&quot;:&quot;yes&quot;,&quot;_ob_bbad_sssic_use&quot;:&quot;no&quot;,&quot;_ob_glider_is_slider&quot;:&quot;no&quot;}\">\n\t\t\t\t\t\t<div class=\"elementor-container elementor-column-gap-default\">\n\t\t\t\t\t<div class=\"elementor-column elementor-col-100 elementor-top-column elementor-element elementor-element-7483c63c elementor-repeater-item-none elementor-repeater-item-none_hover\" data-id=\"7483c63c\" data-element_type=\"column\" data-e-type=\"column\" data-settings=\"{&quot;_ob_bbad_is_stalker&quot;:&quot;no&quot;,&quot;_ob_teleporter_use&quot;:false,&quot;_ob_column_hoveranimator&quot;:&quot;no&quot;,&quot;_ob_column_has_pseudo&quot;:&quot;no&quot;}\">\n\t\t\t<div class=\"elementor-widget-wrap elementor-element-populated\">\n\t\t\t\t\t\t<div class=\"elementor-element elementor-element-dcaee89 ob-harakiri-inherit elementor-repeater-item-none elementor-repeater-item-none_hover ob-has-background-overlay elementor-widget elementor-widget-heading\" data-id=\"dcaee89\" data-element_type=\"widget\" data-e-type=\"widget\" data-settings=\"{&quot;_ob_use_harakiri&quot;:&quot;yes&quot;,&quot;_ob_harakiri_writing_mode&quot;:&quot;inherit&quot;,&quot;_ob_harakiri_text_clip&quot;:&quot;none&quot;,&quot;_ob_perspektive_use&quot;:&quot;no&quot;,&quot;_ob_poopart_use&quot;:&quot;yes&quot;,&quot;_ob_shadough_use&quot;:&quot;no&quot;,&quot;_ob_allow_hoveranimator&quot;:&quot;no&quot;,&quot;_ob_widget_stalker_use&quot;:&quot;no&quot;}\" data-widget_type=\"heading.default\">\n\t\t\t\t<div class=\"elementor-widget-container\">\n\t\t\t\t\t<h2 class=\"elementor-heading-title elementor-size-default\">L'histoire de Tuttlingen<\/h2>\t\t\t\t<\/div>\n\t\t\t\t<\/div>\n\t\t\t\t<div class=\"elementor-element elementor-element-51f3854 ob-harakiri-inherit elementor-repeater-item-none elementor-repeater-item-none_hover ob-has-background-overlay elementor-widget elementor-widget-text-editor\" data-id=\"51f3854\" data-element_type=\"widget\" data-e-type=\"widget\" data-settings=\"{&quot;_ob_use_harakiri&quot;:&quot;yes&quot;,&quot;_ob_harakiri_writing_mode&quot;:&quot;inherit&quot;,&quot;_ob_postman_use&quot;:&quot;no&quot;,&quot;_ob_perspektive_use&quot;:&quot;no&quot;,&quot;_ob_poopart_use&quot;:&quot;yes&quot;,&quot;_ob_shadough_use&quot;:&quot;no&quot;,&quot;_ob_allow_hoveranimator&quot;:&quot;no&quot;,&quot;_ob_widget_stalker_use&quot;:&quot;no&quot;}\" data-widget_type=\"text-editor.default\">\n\t\t\t\t<div class=\"elementor-widget-container\">\n\t\t\t\t\t\t\t\t\t<p>En 1997, la ville de Tuttlingen a c\u00e9l\u00e9br\u00e9 sa premi\u00e8re mention documentaire comme &#8220;tuttiliningas&#8221; il y a 1200 ans avec de nombreux festivals, des \u00e9v\u00e9nements culturels et un grand d\u00e9fil\u00e9.<\/p>\n<p>Le point de rep\u00e8re de la ville est les ruines de la forteresse Honburg, construite vers 1460 et abattue en 1645 sur un Umlaufberg, autour duquel la grande ville de district avec ses 35 000 habitants s&#8217;est compl\u00e8tement &#8220;construite&#8221; ces derni\u00e8res ann\u00e9es. Une courte mont\u00e9e raide est r\u00e9compens\u00e9e par une vue magnifique directement sur le centre ville et bien au-del\u00e0.<\/p>\n<p>Le principe de construction de routes en forme d&#8217;\u00e9chiquier dans le centre-ville est particuli\u00e8rement reconnaissable. Il a \u00e9t\u00e9 construit selon les plans de l&#8217;architecte agricole Carl Leonhard von Uber apr\u00e8s l&#8217;incendie d\u00e9vastateur de la ville en 1803.<\/p>\n<p>La place du march\u00e9, avec sa pyramide de fontaines moderne et son h\u00f4tel de ville aux origines classicistes, forme le centre de la ville. Une zone pi\u00e9tonne a \u00e9t\u00e9 cr\u00e9\u00e9e autour de la ville, avec de nombreuses possibilit\u00e9s de shopping et de gastronomie. \u00c0 quelques m\u00e8tres seulement de la place du march\u00e9, dans la Bahnhofstra\u00dfe, l&#8217;\u00e9glise protestante de la ville, construite entre 1815 et 1817, pr\u00e9sente une magnifique fa\u00e7ade Art nouveau et un int\u00e9rieur tr\u00e8s int\u00e9ressant, presque inhabituel. En plus de la mairie en direction du Danube, la St\u00e4dtische Galerie, ouverte en 1987, offre une bonne occasion de se d\u00e9tendre avec ses expositions changeantes.<\/p>\n<p>Quelques m\u00e8tres plus \u00e0 l&#8217;ouest, la place de Draguignan (ville jumelle de Tuttlingen) avec son caf\u00e9 de rue offre peut-\u00eatre le plus bel endroit pour prendre un verre ou une collation pendant les mois d&#8217;\u00e9t\u00e9. Cette place est \u00e9galement le centre de la &#8220;Route du vin de Tuttlingen&#8221;, un festival du vin convivial avec des sp\u00e9cialit\u00e9s culinaires, qui r\u00e9unit des milliers de personnes sociables pendant un long week-end dans une atmosph\u00e8re humide et joyeuse. Il va sans dire que ce festival, avec le festival de la grande ville et le &#8220;Honberg Summer&#8221;, un festival de musique et de spectacle avec des stars internationales, est un point fort du programme de l&#8217;ann\u00e9e artistique et festivali\u00e8re de Tuttlingen.<\/p>\n<p>Une fois de plus, \u00e0 quelques m\u00e8tres seulement \u00e0 l&#8217;ouest de la place de Draguignan se trouve le magnifique &#8220;Fruchtkasten&#8221; (bo\u00eete \u00e0 fruits) avec sa fa\u00e7ade verte, le mus\u00e9e d&#8217;histoire locale de la ville, qui vaut le d\u00e9tour, avec un vaste d\u00e9partement de technologie m\u00e9dicale qui offre une vue d&#8217;ensemble des d\u00e9buts \u00e0 nos jours.<\/p>\n<p>En face de l&#8217;entr\u00e9e du mus\u00e9e, la &#8220;Tuttlinger Haus&#8221; n&#8217;a \u00e9t\u00e9 inaugur\u00e9e qu&#8217;en 1997. Avec sa repr\u00e9sentation du mode de vie des si\u00e8cles pass\u00e9s, elle compl\u00e8te l&#8217;impressionnante offre mus\u00e9ale de Tuttlingen.<\/p>\n<p>La vie \u00e9conomique de cette ville est naturellement fa\u00e7onn\u00e9e par la production d&#8217;instruments chirurgicaux et de technologie m\u00e9dicale. Outre les leaders du march\u00e9 Karl Storz et Aesculap (avec le centre de formation ultramoderne &#8220;Aesculapium&#8221;), plusieurs centaines d&#8217;autres petites et moyennes entreprises de production et de commerce constituent clairement l&#8217;\u00e9pine dorsale \u00e9conomique de tout le district. L&#8217;ensemble de ce d\u00e9veloppement historique est \u00e9galement document\u00e9 de mani\u00e8re impressionnante dans le mus\u00e9e d&#8217;histoire locale de Tuttlingen.<\/p>\n<p>En plus de vos activit\u00e9s professionnelles, Tuttlingen offre tout ce qui peut faire de votre s\u00e9jour \u00e0 Tuttlingen une exp\u00e9rience &#8211; Tuttlingen est amusant ! Pendant votre s\u00e9jour, profitez de l&#8217;hospitalit\u00e9 des h\u00f4tels et des pensions, de l&#8217;excellente cuisine traditionnelle souabe (bien s\u00fbr, la cuisine internationale est \u00e9galement bien repr\u00e9sent\u00e9e ici), et des nombreuses possibilit\u00e9s de loisirs, du tennis \u00e0 la natation en passant par le bowling. Un dernier conseil pour un s\u00e9jour en \u00e9t\u00e9 : louez un bateau \u00e0 rames sur le Danube (en face de l&#8217;h\u00f4tel Stadt Tuttlingen) pour d\u00e9couvrir une toute autre vue de Tuttlingen en plus d&#8217;une d\u00e9tente compl\u00e8te garantie &#8211; nous vous l&#8217;offrons aussi &#8211; et cela en vaut vraiment la peine !<\/p>\n\t\t\t\t\t\t\t\t<\/div>\n\t\t\t\t<\/div>\n\t\t\t\t<div class=\"elementor-element elementor-element-f5a52f5 gallery-spacing-custom elementor-repeater-item-none elementor-repeater-item-none_hover ob-has-background-overlay elementor-widget elementor-widget-image-gallery\" data-id=\"f5a52f5\" data-element_type=\"widget\" data-e-type=\"widget\" data-settings=\"{&quot;_ob_perspektive_use&quot;:&quot;no&quot;,&quot;_ob_poopart_use&quot;:&quot;yes&quot;,&quot;_ob_shadough_use&quot;:&quot;no&quot;,&quot;_ob_allow_hoveranimator&quot;:&quot;no&quot;,&quot;_ob_widget_stalker_use&quot;:&quot;no&quot;}\" data-widget_type=\"image-gallery.default\">\n\t\t\t\t<div class=\"elementor-widget-container\">\n\t\t\t\t\t\t\t<div class=\"elementor-image-gallery\">\n\t\t\t<div id='gallery-1' class='gallery galleryid-1659 gallery-columns-3 gallery-size-medium_large'><figure class='gallery-item'>\n\t\t\t<div class='gallery-icon landscape'>\n\t\t\t\t<a data-elementor-open-lightbox=\"yes\" data-elementor-lightbox-slideshow=\"f5a52f5\" data-elementor-lightbox-title=\"Blick_auf_Tuttlingen_Weltzentrum_der_Medizintechnik_009\" data-e-action-hash=\"#elementor-action%3Aaction%3Dlightbox%26settings%3DeyJpZCI6MTQyOCwidXJsIjoiaHR0cHM6XC9cL2FjaWctbWVkaWNhbC5kZVwvd3AtY29udGVudFwvdXBsb2Fkc1wvMjAyMFwvMDZcL0JsaWNrX2F1Zl9UdXR0bGluZ2VuX1dlbHR6ZW50cnVtX2Rlcl9NZWRpemludGVjaG5pa18wMDkuanBnIiwic2xpZGVzaG93IjoiZjVhNTJmNSJ9\" href='https:\/\/acig-medical.de\/wp-content\/uploads\/2020\/06\/Blick_auf_Tuttlingen_Weltzentrum_der_Medizintechnik_009.jpg'><img fetchpriority=\"high\" decoding=\"async\" width=\"768\" height=\"432\" src=\"https:\/\/acig-medical.de\/wp-content\/uploads\/2020\/06\/Blick_auf_Tuttlingen_Weltzentrum_der_Medizintechnik_009-768x432.jpg\" class=\"attachment-medium_large size-medium_large\" alt=\"\" srcset=\"https:\/\/acig-medical.de\/wp-content\/uploads\/2020\/06\/Blick_auf_Tuttlingen_Weltzentrum_der_Medizintechnik_009-768x432.jpg 768w, https:\/\/acig-medical.de\/wp-content\/uploads\/2020\/06\/Blick_auf_Tuttlingen_Weltzentrum_der_Medizintechnik_009-300x169.jpg 300w, https:\/\/acig-medical.de\/wp-content\/uploads\/2020\/06\/Blick_auf_Tuttlingen_Weltzentrum_der_Medizintechnik_009-1024x576.jpg 1024w, https:\/\/acig-medical.de\/wp-content\/uploads\/2020\/06\/Blick_auf_Tuttlingen_Weltzentrum_der_Medizintechnik_009-240x135.jpg 240w, https:\/\/acig-medical.de\/wp-content\/uploads\/2020\/06\/Blick_auf_Tuttlingen_Weltzentrum_der_Medizintechnik_009.jpg 1280w\" sizes=\"(max-width: 768px) 100vw, 768px\" \/><\/a>\n\t\t\t<\/div><\/figure><figure class='gallery-item'>\n\t\t\t<div class='gallery-icon landscape'>\n\t\t\t\t<a data-elementor-open-lightbox=\"yes\" data-elementor-lightbox-slideshow=\"f5a52f5\" data-elementor-lightbox-title=\"Blick_auf_Tuttlingen_Weltzentrum_der_Medizintechnik_007\" data-e-action-hash=\"#elementor-action%3Aaction%3Dlightbox%26settings%3DeyJpZCI6MTQyMCwidXJsIjoiaHR0cHM6XC9cL2FjaWctbWVkaWNhbC5kZVwvd3AtY29udGVudFwvdXBsb2Fkc1wvMjAyMFwvMDZcL0JsaWNrX2F1Zl9UdXR0bGluZ2VuX1dlbHR6ZW50cnVtX2Rlcl9NZWRpemludGVjaG5pa18wMDcuanBnIiwic2xpZGVzaG93IjoiZjVhNTJmNSJ9\" href='https:\/\/acig-medical.de\/wp-content\/uploads\/2020\/06\/Blick_auf_Tuttlingen_Weltzentrum_der_Medizintechnik_007.jpg'><img decoding=\"async\" width=\"768\" height=\"432\" src=\"https:\/\/acig-medical.de\/wp-content\/uploads\/2020\/06\/Blick_auf_Tuttlingen_Weltzentrum_der_Medizintechnik_007-768x432.jpg\" class=\"attachment-medium_large size-medium_large\" alt=\"\" srcset=\"https:\/\/acig-medical.de\/wp-content\/uploads\/2020\/06\/Blick_auf_Tuttlingen_Weltzentrum_der_Medizintechnik_007-768x432.jpg 768w, https:\/\/acig-medical.de\/wp-content\/uploads\/2020\/06\/Blick_auf_Tuttlingen_Weltzentrum_der_Medizintechnik_007-300x169.jpg 300w, https:\/\/acig-medical.de\/wp-content\/uploads\/2020\/06\/Blick_auf_Tuttlingen_Weltzentrum_der_Medizintechnik_007-1024x576.jpg 1024w, https:\/\/acig-medical.de\/wp-content\/uploads\/2020\/06\/Blick_auf_Tuttlingen_Weltzentrum_der_Medizintechnik_007-240x135.jpg 240w, https:\/\/acig-medical.de\/wp-content\/uploads\/2020\/06\/Blick_auf_Tuttlingen_Weltzentrum_der_Medizintechnik_007.jpg 1280w\" sizes=\"(max-width: 768px) 100vw, 768px\" \/><\/a>\n\t\t\t<\/div><\/figure><figure class='gallery-item'>\n\t\t\t<div class='gallery-icon landscape'>\n\t\t\t\t<a data-elementor-open-lightbox=\"yes\" data-elementor-lightbox-slideshow=\"f5a52f5\" data-elementor-lightbox-title=\"Blick_auf_Tuttlingen_Weltzentrum_der_Medizintechnik_002\" data-e-action-hash=\"#elementor-action%3Aaction%3Dlightbox%26settings%3DeyJpZCI6MTQwMCwidXJsIjoiaHR0cHM6XC9cL2FjaWctbWVkaWNhbC5kZVwvd3AtY29udGVudFwvdXBsb2Fkc1wvMjAyMFwvMDZcL0JsaWNrX2F1Zl9UdXR0bGluZ2VuX1dlbHR6ZW50cnVtX2Rlcl9NZWRpemludGVjaG5pa18wMDIuanBnIiwic2xpZGVzaG93IjoiZjVhNTJmNSJ9\" href='https:\/\/acig-medical.de\/wp-content\/uploads\/2020\/06\/Blick_auf_Tuttlingen_Weltzentrum_der_Medizintechnik_002.jpg'><img decoding=\"async\" width=\"768\" height=\"432\" src=\"https:\/\/acig-medical.de\/wp-content\/uploads\/2020\/06\/Blick_auf_Tuttlingen_Weltzentrum_der_Medizintechnik_002-768x432.jpg\" class=\"attachment-medium_large size-medium_large\" alt=\"\" srcset=\"https:\/\/acig-medical.de\/wp-content\/uploads\/2020\/06\/Blick_auf_Tuttlingen_Weltzentrum_der_Medizintechnik_002-768x432.jpg 768w, https:\/\/acig-medical.de\/wp-content\/uploads\/2020\/06\/Blick_auf_Tuttlingen_Weltzentrum_der_Medizintechnik_002-300x169.jpg 300w, https:\/\/acig-medical.de\/wp-content\/uploads\/2020\/06\/Blick_auf_Tuttlingen_Weltzentrum_der_Medizintechnik_002-1024x576.jpg 1024w, https:\/\/acig-medical.de\/wp-content\/uploads\/2020\/06\/Blick_auf_Tuttlingen_Weltzentrum_der_Medizintechnik_002-240x135.jpg 240w, https:\/\/acig-medical.de\/wp-content\/uploads\/2020\/06\/Blick_auf_Tuttlingen_Weltzentrum_der_Medizintechnik_002.jpg 1280w\" sizes=\"(max-width: 768px) 100vw, 768px\" \/><\/a>\n\t\t\t<\/div><\/figure>\n\t\t<\/div>\n\t\t<\/div>\n\t\t\t\t\t\t<\/div>\n\t\t\t\t<\/div>\n\t\t\t\t<div class=\"elementor-element elementor-element-f2e4ef0 ob-harakiri-inherit elementor-repeater-item-none elementor-repeater-item-none_hover ob-has-background-overlay elementor-widget elementor-widget-heading\" data-id=\"f2e4ef0\" data-element_type=\"widget\" data-e-type=\"widget\" data-settings=\"{&quot;_ob_use_harakiri&quot;:&quot;yes&quot;,&quot;_ob_harakiri_writing_mode&quot;:&quot;inherit&quot;,&quot;_ob_harakiri_text_clip&quot;:&quot;none&quot;,&quot;_ob_perspektive_use&quot;:&quot;no&quot;,&quot;_ob_poopart_use&quot;:&quot;yes&quot;,&quot;_ob_shadough_use&quot;:&quot;no&quot;,&quot;_ob_allow_hoveranimator&quot;:&quot;no&quot;,&quot;_ob_widget_stalker_use&quot;:&quot;no&quot;}\" data-widget_type=\"heading.default\">\n\t\t\t\t<div class=\"elementor-widget-container\">\n\t\t\t\t\t<h3 class=\"elementor-heading-title elementor-size-default\">Les magnifiques environs de Tuttlingen<\/h3>\t\t\t\t<\/div>\n\t\t\t\t<\/div>\n\t\t\t\t<div class=\"elementor-element elementor-element-45645229 ob-harakiri-inherit elementor-repeater-item-none elementor-repeater-item-none_hover ob-has-background-overlay elementor-widget elementor-widget-text-editor\" data-id=\"45645229\" data-element_type=\"widget\" data-e-type=\"widget\" data-settings=\"{&quot;_ob_use_harakiri&quot;:&quot;yes&quot;,&quot;_ob_harakiri_writing_mode&quot;:&quot;inherit&quot;,&quot;_ob_postman_use&quot;:&quot;no&quot;,&quot;_ob_perspektive_use&quot;:&quot;no&quot;,&quot;_ob_poopart_use&quot;:&quot;yes&quot;,&quot;_ob_shadough_use&quot;:&quot;no&quot;,&quot;_ob_allow_hoveranimator&quot;:&quot;no&quot;,&quot;_ob_widget_stalker_use&quot;:&quot;no&quot;}\" data-widget_type=\"text-editor.default\">\n\t\t\t\t<div class=\"elementor-widget-container\">\n\t\t\t\t\t\t\t\t\t<p>En quelques minutes seulement en voiture du centre ville de Tuttlingen, vous pouvez atteindre d&#8217;innombrables lieux et endroits qui valent la peine d&#8217;\u00eatre vus dans le quartier et au-del\u00e0.<\/p>\n<p><b>Il y a une petite s\u00e9lection:<\/b><\/p>\n<p>Parmi les trois quartiers d&#8217;E\u00dflingen, M\u00f6hringen et Nendingen, une excursion \u00e0 <b>M\u00f6hringen <\/b>(6 km \u00e0 l&#8217;ouest du centre ville) vaut particuli\u00e8rement la peine. Un paysage urbain bien pr\u00e9serv\u00e9 avec de nombreuses maisons \u00e0 colombage, un h\u00f4tel de ville majestueux et l&#8217;\u00e9glise paroissiale St. Andreas, importante du point de vue de l&#8217;histoire de l&#8217;art, valent la peine de visiter cette station climatique agr\u00e9\u00e9e par l&#8217;\u00c9tat. Au Fasnet, chaque ann\u00e9e en f\u00e9vrier\/mars, M\u00f6hringen devient le bastion des fous avec de nombreuses r\u00e9unions joyeuses.<\/p>\n<p>Plus loin, \u00e0 5 km \u00e0 l&#8217;ouest, vous ne devez pas manquer le spectacle naturel de l&#8217;infiltration du <b>danube<\/b>. La plus grande partie de l&#8217;eau du Danube s&#8217;infiltre ici et r\u00e9appara\u00eet \u00e0 20 km au sud dans le <strong>Aachtopf<\/strong> dans Aach\/Hegau.<\/p>\n<p>Au nord de Tuttlingen, vous devriez faire une courte randonn\u00e9e de 2,5 km \u00e0 partir de <b>Klippeneck <\/b>haut au-dessus de Denkingen (21 km de Tuttlingen) sans d\u00e9nivel\u00e9 jusqu&#8217;au <b>Dreifaltigkeitsberg <\/b>(985 m). Le chemin m\u00e8ne constamment le long de l&#8217;Albtrauf escarp\u00e9 avec de merveilleux points de vue. Les points de d\u00e9part et d&#8217;arriv\u00e9e de cette excursion offrent une bonne occasion de faire une pause.<br \/>\nL&#8217;excursion la plus importante et la plus mouvement\u00e9e de Tuttlingen va probablement vers l&#8217;est, dans la vall\u00e9e du Danube. En passant par <b>Nendingen et M\u00fchlheim<\/b> avec son centre ville m\u00e9di\u00e9val situ\u00e9 au-dessus du Danube, vous atteindrez Fridingen, fond\u00e9e vers 1300, avec son ch\u00e2teau et ses maisons \u00e0 colombages magnifiquement restaur\u00e9es, apr\u00e8s 14 km. C&#8217;est ici que commence la partie la plus passionnante de la vall\u00e9e du Danube avec ses parois rocheuses \u00e0 pic, ses grottes en partie accessibles (dont <b>Kolbinger H\u00f6hle<\/b>), ses ch\u00e2teaux et ses points de vue saisissants. Le <b>Knopfmacherfels <\/b>, situ\u00e9 \u00e0 seulement 4 km de <b>Fridingen <\/b>(facilement accessible depuis la route en 3 minutes) m\u00e9rite une mention sp\u00e9ciale. De cette chaire de vigie, on peut voir le c\u00e9l\u00e8bre monast\u00e8re de Beuron, un <b> archabbaye b\u00e9n\u00e9dictin<\/b> avec des \u00e9l\u00e9ments baroques et rococo. L&#8217;emplacement du monast\u00e8re au milieu d&#8217;un large cercle rocheux ne pourrait pas \u00eatre plus impressionnant. Apr\u00e8s 25 km suppl\u00e9mentaires sur une bonne route dans la magnifique vall\u00e9e du Danube, vous atteignez <b>Sigmaringen <\/b> avec son c\u00e9l\u00e8bre ch\u00e2teau.<\/p>\n<p>En direction du sud-est, vous atteignez le <b>Stockach <\/b> apr\u00e8s environ 25 km le <b>Bodensee<\/b> sur la route f\u00e9d\u00e9rale.<\/p>\n<p>A 7 km au sud de Tuttlingen, vous atteindrez la montagne locale de Tuttlingen, le <b>Witthoh <\/b> avec 860 m\u00e8tres d&#8217;altitude. Avec une bonne vue, vous pouvez non seulement voir l&#8217;ensemble du <b>Hegau<\/b>, mais aussi la magnifique cha\u00eene des Alpes de l&#8217;Allg\u00e4u \u00e0 l&#8217;Oberland bernois en passant par le S\u00e4ntis (2501 m).<\/p>\n<p>Prenez votre temps pour les magnifiques environs. Vous pouvez le constater par vous-m\u00eame : vous n&#8217;aurez pas \u00e0 parcourir de grandes distances pour atteindre ces destinations. Presque partout, vous trouverez des endroits agr\u00e9ables o\u00f9 vous pourrez vous arr\u00eater pour prendre une collation apr\u00e8s une longue marche.<\/p>\n<p>Vous \u00eates \u00e0 Tuttlingen sans voiture ? Pas de probl\u00e8me ! Un <strong>bon r\u00e9seau de transport local<\/strong> vous conduira \u00e0 toutes les destinations ci-dessus dans le respect de l&#8217;environnement. Le voyage avec le <b>Nature Park Express <\/b> de Tuttlingen \u00e0 Sigmaringen en passant par la vall\u00e9e du Danube vous offre l&#8217;occasion de profiter de ces beaut\u00e9s naturelles intactes &#8211; et vous ne pouvez vraiment pas vous d\u00e9tendre plus que \u00e7a !<\/p>\n\t\t\t\t\t\t\t\t<\/div>\n\t\t\t\t<\/div>\n\t\t\t\t\t<\/div>\n\t\t<\/div>\n\t\t\t\t\t<\/div>\n\t\t<\/section>\n\t\t\t\t<\/div>\n\t\t","protected":false},"excerpt":{"rendered":"<p>Tuttlingen Centre mondial de technologie m\u00e9dicale L&#8217;histoire de Tuttlingen En 1997, la ville de Tuttlingen a c\u00e9l\u00e9br\u00e9 sa premi\u00e8re mention documentaire comme &#8220;tuttiliningas&#8221; il y a 1200 ans avec de nombreux festivals, des \u00e9v\u00e9nements culturels et un grand d\u00e9fil\u00e9. Le point de rep\u00e8re de la ville est les ruines de la forteresse Honburg, construite vers [&hellip;]<\/p>\n","protected":false},"author":2,"featured_media":0,"parent":0,"menu_order":0,"comment_status":"closed","ping_status":"closed","template":"","meta":{"footnotes":""},"class_list":["post-1659","page","type-page","status-publish","hentry"],"_links":{"self":[{"href":"https:\/\/acig-medical.de\/fr\/wp-json\/wp\/v2\/pages\/1659","targetHints":{"allow":["GET"]}}],"collection":[{"href":"https:\/\/acig-medical.de\/fr\/wp-json\/wp\/v2\/pages"}],"about":[{"href":"https:\/\/acig-medical.de\/fr\/wp-json\/wp\/v2\/types\/page"}],"author":[{"embeddable":true,"href":"https:\/\/acig-medical.de\/fr\/wp-json\/wp\/v2\/users\/2"}],"replies":[{"embeddable":true,"href":"https:\/\/acig-medical.de\/fr\/wp-json\/wp\/v2\/comments?post=1659"}],"version-history":[{"count":1,"href":"https:\/\/acig-medical.de\/fr\/wp-json\/wp\/v2\/pages\/1659\/revisions"}],"predecessor-version":[{"id":1660,"href":"https:\/\/acig-medical.de\/fr\/wp-json\/wp\/v2\/pages\/1659\/revisions\/1660"}],"wp:attachment":[{"href":"https:\/\/acig-medical.de\/fr\/wp-json\/wp\/v2\/media?parent=1659"}],"curies":[{"name":"wp","href":"https:\/\/api.w.org\/{rel}","templated":true}]}}