{"id":1661,"date":"2020-06-07T11:39:51","date_gmt":"2020-06-07T09:39:51","guid":{"rendered":"https:\/\/acig-medical.de\/tuttlingen-centro-mundial-de-tecnologia-medica\/"},"modified":"2020-06-07T11:39:52","modified_gmt":"2020-06-07T09:39:52","slug":"tuttlingen-centro-mundial-de-tecnologia-medica","status":"publish","type":"page","link":"https:\/\/acig-medical.de\/es\/tuttlingen-centro-mundial-de-tecnologia-medica\/","title":{"rendered":"Tuttlingen &#8211; Centro Mundial de Tecnolog\u00eda M\u00e9dica"},"content":{"rendered":"\t\t<div data-elementor-type=\"wp-page\" data-elementor-id=\"1661\" class=\"elementor elementor-1661 elementor-739\" data-elementor-post-type=\"page\">\n\t\t\t\t\t\t<section class=\"ob-is-breaking-bad elementor-section elementor-top-section elementor-element elementor-element-a553138 elementor-section-height-min-height elementor-section-items-bottom elementor-section-boxed ang-section-padding-initial elementor-section-height-default elementor-repeater-item-none elementor-repeater-item-none_hover\" data-id=\"a553138\" data-element_type=\"section\" data-e-type=\"section\" data-settings=\"{&quot;background_background&quot;:&quot;video&quot;,&quot;background_video_link&quot;:&quot;https:\\\/\\\/acig-medical.de\\\/wp-content\\\/uploads\\\/2020\\\/06\\\/Blick_ueber_Tuttlingen-2.mp4&quot;,&quot;background_video_start&quot;:0,&quot;background_play_on_mobile&quot;:&quot;yes&quot;,&quot;_ob_bbad_use_it&quot;:&quot;yes&quot;,&quot;_ob_bbad_sssic_use&quot;:&quot;no&quot;,&quot;_ob_glider_is_slider&quot;:&quot;no&quot;}\">\n\t\t\t\t\t\t\t\t<div class=\"elementor-background-video-container\">\n\t\t\t\t\t\t\t\t\t\t\t\t\t<video class=\"elementor-background-video-hosted\" role=\"presentation\" autoplay muted playsinline loop><\/video>\n\t\t\t\t\t\t\t\t\t\t\t<\/div>\n\t\t\t\t\t\t\t\t\t<div class=\"elementor-background-overlay\"><\/div>\n\t\t\t\t\t\t\t<div class=\"elementor-container elementor-column-gap-no\">\n\t\t\t\t\t<div class=\"elementor-column elementor-col-100 elementor-top-column elementor-element elementor-element-8d8d9e3 elementor-repeater-item-none elementor-repeater-item-none_hover\" data-id=\"8d8d9e3\" data-element_type=\"column\" data-e-type=\"column\" data-settings=\"{&quot;_ob_bbad_is_stalker&quot;:&quot;no&quot;,&quot;_ob_teleporter_use&quot;:false,&quot;_ob_column_hoveranimator&quot;:&quot;no&quot;,&quot;_ob_column_has_pseudo&quot;:&quot;no&quot;}\">\n\t\t\t<div class=\"elementor-widget-wrap elementor-element-populated\">\n\t\t\t\t\t\t<div class=\"elementor-element elementor-element-7599508b ob-harakiri-inherit elementor-repeater-item-none elementor-repeater-item-none_hover ob-has-background-overlay elementor-widget elementor-widget-heading\" data-id=\"7599508b\" data-element_type=\"widget\" data-e-type=\"widget\" data-settings=\"{&quot;_ob_use_harakiri&quot;:&quot;yes&quot;,&quot;_ob_harakiri_writing_mode&quot;:&quot;inherit&quot;,&quot;_ob_harakiri_text_clip&quot;:&quot;none&quot;,&quot;_ob_perspektive_use&quot;:&quot;no&quot;,&quot;_ob_poopart_use&quot;:&quot;yes&quot;,&quot;_ob_shadough_use&quot;:&quot;no&quot;,&quot;_ob_allow_hoveranimator&quot;:&quot;no&quot;,&quot;_ob_widget_stalker_use&quot;:&quot;no&quot;}\" data-widget_type=\"heading.default\">\n\t\t\t\t<div class=\"elementor-widget-container\">\n\t\t\t\t\t<div class=\"elementor-heading-title elementor-size-default\">Tuttlingen<\/div>\t\t\t\t<\/div>\n\t\t\t\t<\/div>\n\t\t\t\t<div class=\"elementor-element elementor-element-5d5fbd3 ob-harakiri-inherit elementor-repeater-item-none elementor-repeater-item-none_hover ob-has-background-overlay elementor-widget elementor-widget-heading\" data-id=\"5d5fbd3\" data-element_type=\"widget\" data-e-type=\"widget\" data-settings=\"{&quot;_ob_use_harakiri&quot;:&quot;yes&quot;,&quot;_ob_harakiri_writing_mode&quot;:&quot;inherit&quot;,&quot;_ob_harakiri_text_clip&quot;:&quot;none&quot;,&quot;_ob_perspektive_use&quot;:&quot;no&quot;,&quot;_ob_poopart_use&quot;:&quot;yes&quot;,&quot;_ob_shadough_use&quot;:&quot;no&quot;,&quot;_ob_allow_hoveranimator&quot;:&quot;no&quot;,&quot;_ob_widget_stalker_use&quot;:&quot;no&quot;}\" data-widget_type=\"heading.default\">\n\t\t\t\t<div class=\"elementor-widget-container\">\n\t\t\t\t\t<h1 class=\"elementor-heading-title elementor-size-default\">Centro Mundial de Tecnolog\u00eda M\u00e9dica<\/h1>\t\t\t\t<\/div>\n\t\t\t\t<\/div>\n\t\t\t\t\t<\/div>\n\t\t<\/div>\n\t\t\t\t\t<\/div>\n\t\t<\/section>\n\t\t\t\t<section class=\"ob-is-breaking-bad elementor-section elementor-top-section elementor-element elementor-element-6fd5e64f elementor-section-boxed ang-section-padding-initial elementor-section-height-default elementor-section-height-default elementor-repeater-item-none elementor-repeater-item-none_hover\" data-id=\"6fd5e64f\" data-element_type=\"section\" data-e-type=\"section\" data-settings=\"{&quot;_ob_bbad_use_it&quot;:&quot;yes&quot;,&quot;_ob_bbad_sssic_use&quot;:&quot;no&quot;,&quot;_ob_glider_is_slider&quot;:&quot;no&quot;}\">\n\t\t\t\t\t\t<div class=\"elementor-container elementor-column-gap-default\">\n\t\t\t\t\t<div class=\"elementor-column elementor-col-100 elementor-top-column elementor-element elementor-element-7483c63c elementor-repeater-item-none elementor-repeater-item-none_hover\" data-id=\"7483c63c\" data-element_type=\"column\" data-e-type=\"column\" data-settings=\"{&quot;_ob_bbad_is_stalker&quot;:&quot;no&quot;,&quot;_ob_teleporter_use&quot;:false,&quot;_ob_column_hoveranimator&quot;:&quot;no&quot;,&quot;_ob_column_has_pseudo&quot;:&quot;no&quot;}\">\n\t\t\t<div class=\"elementor-widget-wrap elementor-element-populated\">\n\t\t\t\t\t\t<div class=\"elementor-element elementor-element-dcaee89 ob-harakiri-inherit elementor-repeater-item-none elementor-repeater-item-none_hover ob-has-background-overlay elementor-widget elementor-widget-heading\" data-id=\"dcaee89\" data-element_type=\"widget\" data-e-type=\"widget\" data-settings=\"{&quot;_ob_use_harakiri&quot;:&quot;yes&quot;,&quot;_ob_harakiri_writing_mode&quot;:&quot;inherit&quot;,&quot;_ob_harakiri_text_clip&quot;:&quot;none&quot;,&quot;_ob_perspektive_use&quot;:&quot;no&quot;,&quot;_ob_poopart_use&quot;:&quot;yes&quot;,&quot;_ob_shadough_use&quot;:&quot;no&quot;,&quot;_ob_allow_hoveranimator&quot;:&quot;no&quot;,&quot;_ob_widget_stalker_use&quot;:&quot;no&quot;}\" data-widget_type=\"heading.default\">\n\t\t\t\t<div class=\"elementor-widget-container\">\n\t\t\t\t\t<h2 class=\"elementor-heading-title elementor-size-default\">La historia de Tuttlingen<\/h2>\t\t\t\t<\/div>\n\t\t\t\t<\/div>\n\t\t\t\t<div class=\"elementor-element elementor-element-51f3854 ob-harakiri-inherit elementor-repeater-item-none elementor-repeater-item-none_hover ob-has-background-overlay elementor-widget elementor-widget-text-editor\" data-id=\"51f3854\" data-element_type=\"widget\" data-e-type=\"widget\" data-settings=\"{&quot;_ob_use_harakiri&quot;:&quot;yes&quot;,&quot;_ob_harakiri_writing_mode&quot;:&quot;inherit&quot;,&quot;_ob_postman_use&quot;:&quot;no&quot;,&quot;_ob_perspektive_use&quot;:&quot;no&quot;,&quot;_ob_poopart_use&quot;:&quot;yes&quot;,&quot;_ob_shadough_use&quot;:&quot;no&quot;,&quot;_ob_allow_hoveranimator&quot;:&quot;no&quot;,&quot;_ob_widget_stalker_use&quot;:&quot;no&quot;}\" data-widget_type=\"text-editor.default\">\n\t\t\t\t<div class=\"elementor-widget-container\">\n\t\t\t\t\t\t\t\t\t<p>En 1997 la ciudad de Tuttlingen celebr\u00f3 su primera menci\u00f3n documental como &#8220;tuttiliningas&#8221; hace 1200 a\u00f1os con muchos festivales, eventos culturales y un gran desfile.<\/p>\n<p>El punto de referencia de la ciudad son las ruinas de la fortaleza de Honburg, construida alrededor de 1460 y derribada en 1645 sobre un Umlaufberg, alrededor de la cual la gran ciudad de distrito con sus 35.000 habitantes ha &#8220;construido completamente alrededor&#8221; en los \u00faltimos a\u00f1os. Una corta y empinada subida es recompensada con una maravillosa vista directamente al centro de la ciudad y mucho m\u00e1s all\u00e1.<\/p>\n<p>Particularmente reconocible es el principio de construcci\u00f3n de carreteras como un tablero de ajedrez en el centro de la ciudad, construido seg\u00fan los dise\u00f1os del arquitecto agr\u00edcola Carl Leonhard von Uber despu\u00e9s del devastador incendio de la ciudad en 1803.<\/p>\n<p>El mercado con la idiosincr\u00e1sica pir\u00e1mide de fuentes modernas y el ayuntamiento de origen clasicista forman el centro de la ciudad. A su alrededor se ha creado una zona peatonal con muchas instalaciones comerciales y gastron\u00f3micas. A pocos metros de la plaza del mercado en la Bahnhofstra\u00dfe otro punto de referencia, la iglesia protestante de la ciudad construida entre 1815 y 1817 con una magn\u00edfica fachada de art nouveau y un interior muy interesante, de aspecto casi inusual. Adem\u00e1s del ayuntamiento en direcci\u00f3n al Danubio, la St\u00e4dtische Galerie, que abri\u00f3 sus puertas en 1987, ofrece una buena oportunidad para una estancia relajada con sus cambiantes exposiciones.<\/p>\n<p>Unos pocos metros m\u00e1s al oeste, la Place de Draguignan (la ciudad gemela de Tuttlingen) con su caf\u00e9 de la calle ofrece quiz\u00e1s el lugar m\u00e1s hermoso para sentarse a tomar una copa o un bocadillo en los meses de verano. Esta plaza es tambi\u00e9n el centro de la &#8220;Ruta del Vino de Tuttlingen&#8221;, una fiesta del vino con especialidades culinarias, que re\u00fane a miles de personas sociables durante un largo fin de semana en un ambiente h\u00famedo y alegre. No hace falta decir que este festival, junto con el de la gran ciudad y el &#8220;Verano de Honberg&#8221;, un festival de m\u00fasica y espect\u00e1culos con estrellas internacionales, es un punto culminante en el programa del a\u00f1o de arte y festivales de Tuttlingen.<\/p>\n<p>Una vez m\u00e1s, s\u00f3lo unos pocos metros m\u00e1s al oeste de la plaza de Draguignan se encuentra la magn\u00edfica &#8220;Fruchtkasten&#8221; (caja de fruta) con su llamativa fachada verde, el museo de historia local de la ciudad, que merece la pena ver, con un amplio departamento de tecnolog\u00eda m\u00e9dica que ofrece una visi\u00f3n general desde los comienzos hasta la actualidad.<\/p>\n<p>Frente a la entrada del museo, la &#8220;Casa de Tuttlinger&#8221; fue inaugurada s\u00f3lo ceremonialmente en 1997. Con su representaci\u00f3n del modo de vida de los siglos pasados, completa la impresionante oferta del museo de Tuttlingen.<\/p>\n<p>La vida econ\u00f3mica de esta ciudad est\u00e1 naturalmente determinada por la producci\u00f3n de instrumentos quir\u00fargicos y tecnolog\u00eda m\u00e9dica. Adem\u00e1s de los mundialmente famosos l\u00edderes del mercado Karl Storz y Esculapio (con el ultramoderno centro de capacitaci\u00f3n &#8220;Esculapio&#8221;), varios cientos de otras peque\u00f1as y medianas empresas manufactureras y comerciales constituyen claramente la columna vertebral econ\u00f3mica de todo el distrito. Todo este desarrollo hist\u00f3rico est\u00e1 tambi\u00e9n impresionantemente documentado en el museo de historia local de Tuttlingen.<\/p>\n<p>Tuttlingen ofrece todo lo necesario para que su estancia en Tuttlingen sea una experiencia adem\u00e1s de sus actividades comerciales &#8211; \u00a1Tuttlingen es divertido! Durante su estancia, aproveche la hospitalidad de los hoteles y pensiones, la excelente cocina tradicional suaba (por supuesto, la cocina internacional tambi\u00e9n est\u00e1 bien representada aqu\u00ed), y la amplia oferta recreativa que va desde el tenis hasta la nataci\u00f3n y los bolos. Un \u00faltimo consejo para una estancia en verano: Alquile un bote de remos en el Danubio (frente al Hotel Stadt Tuttlingen) para encontrar una vista completamente diferente de Tuttlingen adem\u00e1s de garantizar una completa relajaci\u00f3n &#8211; tambi\u00e9n ofrecemos esto &#8211; \u00a1y definitivamente vale la pena!<\/p>\n\t\t\t\t\t\t\t\t<\/div>\n\t\t\t\t<\/div>\n\t\t\t\t<div class=\"elementor-element elementor-element-f5a52f5 gallery-spacing-custom elementor-repeater-item-none elementor-repeater-item-none_hover ob-has-background-overlay elementor-widget elementor-widget-image-gallery\" data-id=\"f5a52f5\" data-element_type=\"widget\" data-e-type=\"widget\" data-settings=\"{&quot;_ob_perspektive_use&quot;:&quot;no&quot;,&quot;_ob_poopart_use&quot;:&quot;yes&quot;,&quot;_ob_shadough_use&quot;:&quot;no&quot;,&quot;_ob_allow_hoveranimator&quot;:&quot;no&quot;,&quot;_ob_widget_stalker_use&quot;:&quot;no&quot;}\" data-widget_type=\"image-gallery.default\">\n\t\t\t\t<div class=\"elementor-widget-container\">\n\t\t\t\t\t\t\t<div class=\"elementor-image-gallery\">\n\t\t\t<div id='gallery-1' class='gallery galleryid-1661 gallery-columns-3 gallery-size-medium_large'><figure class='gallery-item'>\n\t\t\t<div class='gallery-icon landscape'>\n\t\t\t\t<a data-elementor-open-lightbox=\"yes\" data-elementor-lightbox-slideshow=\"f5a52f5\" data-elementor-lightbox-title=\"Blick_auf_Tuttlingen_Weltzentrum_der_Medizintechnik_009\" data-e-action-hash=\"#elementor-action%3Aaction%3Dlightbox%26settings%3DeyJpZCI6MTQyOSwidXJsIjoiaHR0cHM6XC9cL2FjaWctbWVkaWNhbC5kZVwvd3AtY29udGVudFwvdXBsb2Fkc1wvMjAyMFwvMDZcL0JsaWNrX2F1Zl9UdXR0bGluZ2VuX1dlbHR6ZW50cnVtX2Rlcl9NZWRpemludGVjaG5pa18wMDkuanBnIiwic2xpZGVzaG93IjoiZjVhNTJmNSJ9\" href='https:\/\/acig-medical.de\/wp-content\/uploads\/2020\/06\/Blick_auf_Tuttlingen_Weltzentrum_der_Medizintechnik_009.jpg'><img fetchpriority=\"high\" decoding=\"async\" width=\"768\" height=\"432\" src=\"https:\/\/acig-medical.de\/wp-content\/uploads\/2020\/06\/Blick_auf_Tuttlingen_Weltzentrum_der_Medizintechnik_009-768x432.jpg\" class=\"attachment-medium_large size-medium_large\" alt=\"\" srcset=\"https:\/\/acig-medical.de\/wp-content\/uploads\/2020\/06\/Blick_auf_Tuttlingen_Weltzentrum_der_Medizintechnik_009-768x432.jpg 768w, https:\/\/acig-medical.de\/wp-content\/uploads\/2020\/06\/Blick_auf_Tuttlingen_Weltzentrum_der_Medizintechnik_009-300x169.jpg 300w, https:\/\/acig-medical.de\/wp-content\/uploads\/2020\/06\/Blick_auf_Tuttlingen_Weltzentrum_der_Medizintechnik_009-1024x576.jpg 1024w, https:\/\/acig-medical.de\/wp-content\/uploads\/2020\/06\/Blick_auf_Tuttlingen_Weltzentrum_der_Medizintechnik_009-240x135.jpg 240w, https:\/\/acig-medical.de\/wp-content\/uploads\/2020\/06\/Blick_auf_Tuttlingen_Weltzentrum_der_Medizintechnik_009.jpg 1280w\" sizes=\"(max-width: 768px) 100vw, 768px\" \/><\/a>\n\t\t\t<\/div><\/figure><figure class='gallery-item'>\n\t\t\t<div class='gallery-icon landscape'>\n\t\t\t\t<a data-elementor-open-lightbox=\"yes\" data-elementor-lightbox-slideshow=\"f5a52f5\" data-elementor-lightbox-title=\"Blick_auf_Tuttlingen_Weltzentrum_der_Medizintechnik_007\" data-e-action-hash=\"#elementor-action%3Aaction%3Dlightbox%26settings%3DeyJpZCI6MTQyMSwidXJsIjoiaHR0cHM6XC9cL2FjaWctbWVkaWNhbC5kZVwvd3AtY29udGVudFwvdXBsb2Fkc1wvMjAyMFwvMDZcL0JsaWNrX2F1Zl9UdXR0bGluZ2VuX1dlbHR6ZW50cnVtX2Rlcl9NZWRpemludGVjaG5pa18wMDcuanBnIiwic2xpZGVzaG93IjoiZjVhNTJmNSJ9\" href='https:\/\/acig-medical.de\/wp-content\/uploads\/2020\/06\/Blick_auf_Tuttlingen_Weltzentrum_der_Medizintechnik_007.jpg'><img decoding=\"async\" width=\"768\" height=\"432\" src=\"https:\/\/acig-medical.de\/wp-content\/uploads\/2020\/06\/Blick_auf_Tuttlingen_Weltzentrum_der_Medizintechnik_007-768x432.jpg\" class=\"attachment-medium_large size-medium_large\" alt=\"\" srcset=\"https:\/\/acig-medical.de\/wp-content\/uploads\/2020\/06\/Blick_auf_Tuttlingen_Weltzentrum_der_Medizintechnik_007-768x432.jpg 768w, https:\/\/acig-medical.de\/wp-content\/uploads\/2020\/06\/Blick_auf_Tuttlingen_Weltzentrum_der_Medizintechnik_007-300x169.jpg 300w, https:\/\/acig-medical.de\/wp-content\/uploads\/2020\/06\/Blick_auf_Tuttlingen_Weltzentrum_der_Medizintechnik_007-1024x576.jpg 1024w, https:\/\/acig-medical.de\/wp-content\/uploads\/2020\/06\/Blick_auf_Tuttlingen_Weltzentrum_der_Medizintechnik_007-240x135.jpg 240w, https:\/\/acig-medical.de\/wp-content\/uploads\/2020\/06\/Blick_auf_Tuttlingen_Weltzentrum_der_Medizintechnik_007.jpg 1280w\" sizes=\"(max-width: 768px) 100vw, 768px\" \/><\/a>\n\t\t\t<\/div><\/figure><figure class='gallery-item'>\n\t\t\t<div class='gallery-icon landscape'>\n\t\t\t\t<a data-elementor-open-lightbox=\"yes\" data-elementor-lightbox-slideshow=\"f5a52f5\" data-elementor-lightbox-title=\"Blick_auf_Tuttlingen_Weltzentrum_der_Medizintechnik_002\" data-e-action-hash=\"#elementor-action%3Aaction%3Dlightbox%26settings%3DeyJpZCI6MTQwMSwidXJsIjoiaHR0cHM6XC9cL2FjaWctbWVkaWNhbC5kZVwvd3AtY29udGVudFwvdXBsb2Fkc1wvMjAyMFwvMDZcL0JsaWNrX2F1Zl9UdXR0bGluZ2VuX1dlbHR6ZW50cnVtX2Rlcl9NZWRpemludGVjaG5pa18wMDIuanBnIiwic2xpZGVzaG93IjoiZjVhNTJmNSJ9\" href='https:\/\/acig-medical.de\/wp-content\/uploads\/2020\/06\/Blick_auf_Tuttlingen_Weltzentrum_der_Medizintechnik_002.jpg'><img decoding=\"async\" width=\"768\" height=\"432\" src=\"https:\/\/acig-medical.de\/wp-content\/uploads\/2020\/06\/Blick_auf_Tuttlingen_Weltzentrum_der_Medizintechnik_002-768x432.jpg\" class=\"attachment-medium_large size-medium_large\" alt=\"\" srcset=\"https:\/\/acig-medical.de\/wp-content\/uploads\/2020\/06\/Blick_auf_Tuttlingen_Weltzentrum_der_Medizintechnik_002-768x432.jpg 768w, https:\/\/acig-medical.de\/wp-content\/uploads\/2020\/06\/Blick_auf_Tuttlingen_Weltzentrum_der_Medizintechnik_002-300x169.jpg 300w, https:\/\/acig-medical.de\/wp-content\/uploads\/2020\/06\/Blick_auf_Tuttlingen_Weltzentrum_der_Medizintechnik_002-1024x576.jpg 1024w, https:\/\/acig-medical.de\/wp-content\/uploads\/2020\/06\/Blick_auf_Tuttlingen_Weltzentrum_der_Medizintechnik_002-240x135.jpg 240w, https:\/\/acig-medical.de\/wp-content\/uploads\/2020\/06\/Blick_auf_Tuttlingen_Weltzentrum_der_Medizintechnik_002.jpg 1280w\" sizes=\"(max-width: 768px) 100vw, 768px\" \/><\/a>\n\t\t\t<\/div><\/figure>\n\t\t<\/div>\n\t\t<\/div>\n\t\t\t\t\t\t<\/div>\n\t\t\t\t<\/div>\n\t\t\t\t<div class=\"elementor-element elementor-element-f2e4ef0 ob-harakiri-inherit elementor-repeater-item-none elementor-repeater-item-none_hover ob-has-background-overlay elementor-widget elementor-widget-heading\" data-id=\"f2e4ef0\" data-element_type=\"widget\" data-e-type=\"widget\" data-settings=\"{&quot;_ob_use_harakiri&quot;:&quot;yes&quot;,&quot;_ob_harakiri_writing_mode&quot;:&quot;inherit&quot;,&quot;_ob_harakiri_text_clip&quot;:&quot;none&quot;,&quot;_ob_perspektive_use&quot;:&quot;no&quot;,&quot;_ob_poopart_use&quot;:&quot;yes&quot;,&quot;_ob_shadough_use&quot;:&quot;no&quot;,&quot;_ob_allow_hoveranimator&quot;:&quot;no&quot;,&quot;_ob_widget_stalker_use&quot;:&quot;no&quot;}\" data-widget_type=\"heading.default\">\n\t\t\t\t<div class=\"elementor-widget-container\">\n\t\t\t\t\t<h3 class=\"elementor-heading-title elementor-size-default\">Los hermosos alrededores de Tuttlingen<\/h3>\t\t\t\t<\/div>\n\t\t\t\t<\/div>\n\t\t\t\t<div class=\"elementor-element elementor-element-45645229 ob-harakiri-inherit elementor-repeater-item-none elementor-repeater-item-none_hover ob-has-background-overlay elementor-widget elementor-widget-text-editor\" data-id=\"45645229\" data-element_type=\"widget\" data-e-type=\"widget\" data-settings=\"{&quot;_ob_use_harakiri&quot;:&quot;yes&quot;,&quot;_ob_harakiri_writing_mode&quot;:&quot;inherit&quot;,&quot;_ob_postman_use&quot;:&quot;no&quot;,&quot;_ob_perspektive_use&quot;:&quot;no&quot;,&quot;_ob_poopart_use&quot;:&quot;yes&quot;,&quot;_ob_shadough_use&quot;:&quot;no&quot;,&quot;_ob_allow_hoveranimator&quot;:&quot;no&quot;,&quot;_ob_widget_stalker_use&quot;:&quot;no&quot;}\" data-widget_type=\"text-editor.default\">\n\t\t\t\t<div class=\"elementor-widget-container\">\n\t\t\t\t\t\t\t\t\t<p>En pocos minutos en coche desde el centro de la ciudad de Tuttlingen se puede llegar a innumerables lugares y lugares dignos de ser vistos en el distrito y m\u00e1s all\u00e1.<\/p>\n<p>&lt;Aqu\u00ed hay una peque\u00f1a selecci\u00f3n:<\/p>\n<p>De los tres distritos de E\u00dflingen, M\u00f6hringen y Nendingen, una excursi\u00f3n a <b>M\u00f6hringen <\/b> (6 km al oeste del centro de la ciudad) merece la pena. Un paisaje urbano bien conservado con muchas casas de madera, un ayuntamiento se\u00f1orial y la iglesia parroquial de San Andr\u00e9s, de gran importancia hist\u00f3rica, hacen que merezca la pena hacer un recorrido por este balneario clim\u00e1tico aprobado por el Estado. Para el Fasnet anualmente en febrero\/marzo M\u00f6hringen se convierte en la fortaleza tonta con muchos encuentros alegres.<\/p>\n<p>M\u00e1s all\u00e1 de 5 km al oeste no debe perderse el espect\u00e1culo natural de la infiltraci\u00f3n del <b>danubio <\/b>. La mayor parte del agua del Danubio se filtra aqu\u00ed y reaparece 20 km al sur en el <b>Aachtopf <\/b> en Aach\/Hegau.<\/p>\n<p>Al norte de Tuttlingen, se debe hacer una corta caminata de 2,5 km desde <b>Klippeneck <\/b>alto sobre Denkingen (21 km desde Tuttlingen) sin diferencia de altitud hasta el <b>Dreifaltigkeitsberg <\/b>(985 m). El camino conduce constantemente a lo largo de la escarpada Albtrauf con maravillosos puntos de vista. Tanto el punto de partida como el de llegada de esta excursi\u00f3n ofrecen una buena oportunidad para un descanso placentero.<br \/>\nProbablemente la excursi\u00f3n m\u00e1s importante y llena de acontecimientos desde Tuttlingen va hacia el este en el valle del Danubio. A trav\u00e9s de <b>Nendingen y M\u00fchlheim<\/b> con su centro medieval en lo alto del Danubio se llega a Fridingen, fundada alrededor del 1300, con su castillo y sus casas de entramado de madera bellamente restauradas, despu\u00e9s de 14 km. Aqu\u00ed es donde comienza la parte m\u00e1s excitante del valle del Danubio con sus escarpadas paredes rocosas, cuevas parcialmente accesibles (incluyendo <b>Kolbinger H\u00f6hle<\/b>), sus castillos y los llamativos puntos de vista, por lo que el <b>Knopfmacherfels <\/b>s\u00f3lo 4 km m\u00e1s all\u00e1 de <b>Fridingen <\/b>(f\u00e1cilmente accesible desde la carretera en 3 minutos) merece una menci\u00f3n especial. Desde este p\u00falpito mirador se puede ver el famoso Monasterio de Beuron, un <b>arco benedictino <\/b> con elementos del barroco y el rococ\u00f3. La ubicaci\u00f3n del monasterio en medio de un amplio c\u00edrculo rocoso no podr\u00eda ser m\u00e1s impresionante. Despu\u00e9s de otros 25 km en una buena carretera en el magn\u00edfico valle del Danubio se llega a <b>Sigmaringen <\/b> con su famoso castillo.<\/p>\n<p>En direcci\u00f3n sudeste se llega a la <b>Stockach <\/b> despu\u00e9s de aprox. 25 km la <b>Bodensee<\/b> en la carretera federal.<\/p>\n<p>A 7 km al sur de Tuttlingen se llega a la monta\u00f1a local de Tuttlingen, la <b>Witthoh <\/b> con 860 metros de altitud. Con una buena vista, se puede ver no s\u00f3lo toda la <b>Hegau<\/b>, sino tambi\u00e9n la magn\u00edfica cadena de los Alpes desde el Allg\u00e4u a trav\u00e9s del S\u00e4ntis (2501 m) hasta el Oberland Bern\u00e9s.<\/p>\n<p>T\u00f3mese su tiempo para los magn\u00edficos alrededores. Puedes verlo por ti mismo, no tendr\u00e1s que viajar grandes distancias para llegar a estos destinos. En casi todos los lugares encontrar\u00e1 lugares acogedores para detenerse a comer despu\u00e9s de una larga caminata.<\/p>\n<p>\u00bfEst\u00e1 en Tuttlingen sin coche? No hay problema. Una <strong>buena red de transporte local<\/strong> te llevar\u00e1 a todos los destinos mencionados de una forma respetuosa con el medio ambiente. Especialmente el viaje con el <b>Nature Park Express<\/b> de Tuttlingen a trav\u00e9s del Valle del Danubio a Sigmaringen te ofrece la oportunidad de disfrutar de estas bellezas naturales intactas &#8211; \u00a1y realmente no puedes estar m\u00e1s relajado que eso!<b><br \/>\n<\/b><\/p>\n\t\t\t\t\t\t\t\t<\/div>\n\t\t\t\t<\/div>\n\t\t\t\t\t<\/div>\n\t\t<\/div>\n\t\t\t\t\t<\/div>\n\t\t<\/section>\n\t\t\t\t<\/div>\n\t\t","protected":false},"excerpt":{"rendered":"<p>Tuttlingen Centro Mundial de Tecnolog\u00eda M\u00e9dica La historia de Tuttlingen En 1997 la ciudad de Tuttlingen celebr\u00f3 su primera menci\u00f3n documental como &#8220;tuttiliningas&#8221; hace 1200 a\u00f1os con muchos festivales, eventos culturales y un gran desfile. El punto de referencia de la ciudad son las ruinas de la fortaleza de Honburg, construida alrededor de 1460 y [&hellip;]<\/p>\n","protected":false},"author":2,"featured_media":0,"parent":0,"menu_order":0,"comment_status":"closed","ping_status":"closed","template":"","meta":{"footnotes":""},"class_list":["post-1661","page","type-page","status-publish","hentry"],"_links":{"self":[{"href":"https:\/\/acig-medical.de\/es\/wp-json\/wp\/v2\/pages\/1661","targetHints":{"allow":["GET"]}}],"collection":[{"href":"https:\/\/acig-medical.de\/es\/wp-json\/wp\/v2\/pages"}],"about":[{"href":"https:\/\/acig-medical.de\/es\/wp-json\/wp\/v2\/types\/page"}],"author":[{"embeddable":true,"href":"https:\/\/acig-medical.de\/es\/wp-json\/wp\/v2\/users\/2"}],"replies":[{"embeddable":true,"href":"https:\/\/acig-medical.de\/es\/wp-json\/wp\/v2\/comments?post=1661"}],"version-history":[{"count":1,"href":"https:\/\/acig-medical.de\/es\/wp-json\/wp\/v2\/pages\/1661\/revisions"}],"predecessor-version":[{"id":1662,"href":"https:\/\/acig-medical.de\/es\/wp-json\/wp\/v2\/pages\/1661\/revisions\/1662"}],"wp:attachment":[{"href":"https:\/\/acig-medical.de\/es\/wp-json\/wp\/v2\/media?parent=1661"}],"curies":[{"name":"wp","href":"https:\/\/api.w.org\/{rel}","templated":true}]}}