{"id":1657,"date":"2020-06-07T11:33:57","date_gmt":"2020-06-07T09:33:57","guid":{"rendered":"https:\/\/acig-medical.de\/tuttlingen-world-center-of-medical-technology\/"},"modified":"2020-06-07T11:33:57","modified_gmt":"2020-06-07T09:33:57","slug":"tuttlingen-world-center-of-medical-technology","status":"publish","type":"page","link":"https:\/\/acig-medical.de\/en\/tuttlingen-world-center-of-medical-technology\/","title":{"rendered":"Tuttlingen &#8211; World Center of Medical Technology"},"content":{"rendered":"\t\t<div data-elementor-type=\"wp-page\" data-elementor-id=\"1657\" class=\"elementor elementor-1657 elementor-739\" data-elementor-post-type=\"page\">\n\t\t\t\t\t\t<section class=\"ob-is-breaking-bad elementor-section elementor-top-section elementor-element elementor-element-a553138 elementor-section-height-min-height elementor-section-items-bottom elementor-section-boxed ang-section-padding-initial elementor-section-height-default elementor-repeater-item-none elementor-repeater-item-none_hover\" data-id=\"a553138\" data-element_type=\"section\" data-e-type=\"section\" data-settings=\"{&quot;background_background&quot;:&quot;video&quot;,&quot;background_video_link&quot;:&quot;https:\\\/\\\/acig-medical.de\\\/wp-content\\\/uploads\\\/2020\\\/06\\\/Blick_ueber_Tuttlingen-2.mp4&quot;,&quot;background_video_start&quot;:0,&quot;background_play_on_mobile&quot;:&quot;yes&quot;,&quot;_ob_bbad_use_it&quot;:&quot;yes&quot;,&quot;_ob_bbad_sssic_use&quot;:&quot;no&quot;,&quot;_ob_glider_is_slider&quot;:&quot;no&quot;}\">\n\t\t\t\t\t\t\t\t<div class=\"elementor-background-video-container\">\n\t\t\t\t\t\t\t\t\t\t\t\t\t<video class=\"elementor-background-video-hosted\" role=\"presentation\" autoplay muted playsinline loop><\/video>\n\t\t\t\t\t\t\t\t\t\t\t<\/div>\n\t\t\t\t\t\t\t\t\t<div class=\"elementor-background-overlay\"><\/div>\n\t\t\t\t\t\t\t<div class=\"elementor-container elementor-column-gap-no\">\n\t\t\t\t\t<div class=\"elementor-column elementor-col-100 elementor-top-column elementor-element elementor-element-8d8d9e3 elementor-repeater-item-none elementor-repeater-item-none_hover\" data-id=\"8d8d9e3\" data-element_type=\"column\" data-e-type=\"column\" data-settings=\"{&quot;_ob_bbad_is_stalker&quot;:&quot;no&quot;,&quot;_ob_teleporter_use&quot;:false,&quot;_ob_column_hoveranimator&quot;:&quot;no&quot;,&quot;_ob_column_has_pseudo&quot;:&quot;no&quot;}\">\n\t\t\t<div class=\"elementor-widget-wrap elementor-element-populated\">\n\t\t\t\t\t\t<div class=\"elementor-element elementor-element-7599508b ob-harakiri-inherit elementor-repeater-item-none elementor-repeater-item-none_hover ob-has-background-overlay elementor-widget elementor-widget-heading\" data-id=\"7599508b\" data-element_type=\"widget\" data-e-type=\"widget\" data-settings=\"{&quot;_ob_use_harakiri&quot;:&quot;yes&quot;,&quot;_ob_harakiri_writing_mode&quot;:&quot;inherit&quot;,&quot;_ob_harakiri_text_clip&quot;:&quot;none&quot;,&quot;_ob_perspektive_use&quot;:&quot;no&quot;,&quot;_ob_poopart_use&quot;:&quot;yes&quot;,&quot;_ob_shadough_use&quot;:&quot;no&quot;,&quot;_ob_allow_hoveranimator&quot;:&quot;no&quot;,&quot;_ob_widget_stalker_use&quot;:&quot;no&quot;}\" data-widget_type=\"heading.default\">\n\t\t\t\t<div class=\"elementor-widget-container\">\n\t\t\t\t\t<div class=\"elementor-heading-title elementor-size-default\">Tuttlingen<\/div>\t\t\t\t<\/div>\n\t\t\t\t<\/div>\n\t\t\t\t<div class=\"elementor-element elementor-element-5d5fbd3 ob-harakiri-inherit elementor-repeater-item-none elementor-repeater-item-none_hover ob-has-background-overlay elementor-widget elementor-widget-heading\" data-id=\"5d5fbd3\" data-element_type=\"widget\" data-e-type=\"widget\" data-settings=\"{&quot;_ob_use_harakiri&quot;:&quot;yes&quot;,&quot;_ob_harakiri_writing_mode&quot;:&quot;inherit&quot;,&quot;_ob_harakiri_text_clip&quot;:&quot;none&quot;,&quot;_ob_perspektive_use&quot;:&quot;no&quot;,&quot;_ob_poopart_use&quot;:&quot;yes&quot;,&quot;_ob_shadough_use&quot;:&quot;no&quot;,&quot;_ob_allow_hoveranimator&quot;:&quot;no&quot;,&quot;_ob_widget_stalker_use&quot;:&quot;no&quot;}\" data-widget_type=\"heading.default\">\n\t\t\t\t<div class=\"elementor-widget-container\">\n\t\t\t\t\t<h1 class=\"elementor-heading-title elementor-size-default\">World centre of medical technology<\/h1>\t\t\t\t<\/div>\n\t\t\t\t<\/div>\n\t\t\t\t\t<\/div>\n\t\t<\/div>\n\t\t\t\t\t<\/div>\n\t\t<\/section>\n\t\t\t\t<section class=\"ob-is-breaking-bad elementor-section elementor-top-section elementor-element elementor-element-6fd5e64f elementor-section-boxed ang-section-padding-initial elementor-section-height-default elementor-section-height-default elementor-repeater-item-none elementor-repeater-item-none_hover\" data-id=\"6fd5e64f\" data-element_type=\"section\" data-e-type=\"section\" data-settings=\"{&quot;_ob_bbad_use_it&quot;:&quot;yes&quot;,&quot;_ob_bbad_sssic_use&quot;:&quot;no&quot;,&quot;_ob_glider_is_slider&quot;:&quot;no&quot;}\">\n\t\t\t\t\t\t<div class=\"elementor-container elementor-column-gap-default\">\n\t\t\t\t\t<div class=\"elementor-column elementor-col-100 elementor-top-column elementor-element elementor-element-7483c63c elementor-repeater-item-none elementor-repeater-item-none_hover\" data-id=\"7483c63c\" data-element_type=\"column\" data-e-type=\"column\" data-settings=\"{&quot;_ob_bbad_is_stalker&quot;:&quot;no&quot;,&quot;_ob_teleporter_use&quot;:false,&quot;_ob_column_hoveranimator&quot;:&quot;no&quot;,&quot;_ob_column_has_pseudo&quot;:&quot;no&quot;}\">\n\t\t\t<div class=\"elementor-widget-wrap elementor-element-populated\">\n\t\t\t\t\t\t<div class=\"elementor-element elementor-element-dcaee89 ob-harakiri-inherit elementor-repeater-item-none elementor-repeater-item-none_hover ob-has-background-overlay elementor-widget elementor-widget-heading\" data-id=\"dcaee89\" data-element_type=\"widget\" data-e-type=\"widget\" data-settings=\"{&quot;_ob_use_harakiri&quot;:&quot;yes&quot;,&quot;_ob_harakiri_writing_mode&quot;:&quot;inherit&quot;,&quot;_ob_harakiri_text_clip&quot;:&quot;none&quot;,&quot;_ob_perspektive_use&quot;:&quot;no&quot;,&quot;_ob_poopart_use&quot;:&quot;yes&quot;,&quot;_ob_shadough_use&quot;:&quot;no&quot;,&quot;_ob_allow_hoveranimator&quot;:&quot;no&quot;,&quot;_ob_widget_stalker_use&quot;:&quot;no&quot;}\" data-widget_type=\"heading.default\">\n\t\t\t\t<div class=\"elementor-widget-container\">\n\t\t\t\t\t<h2 class=\"elementor-heading-title elementor-size-default\">The history of Tuttlingen<\/h2>\t\t\t\t<\/div>\n\t\t\t\t<\/div>\n\t\t\t\t<div class=\"elementor-element elementor-element-51f3854 ob-harakiri-inherit elementor-repeater-item-none elementor-repeater-item-none_hover ob-has-background-overlay elementor-widget elementor-widget-text-editor\" data-id=\"51f3854\" data-element_type=\"widget\" data-e-type=\"widget\" data-settings=\"{&quot;_ob_use_harakiri&quot;:&quot;yes&quot;,&quot;_ob_harakiri_writing_mode&quot;:&quot;inherit&quot;,&quot;_ob_postman_use&quot;:&quot;no&quot;,&quot;_ob_perspektive_use&quot;:&quot;no&quot;,&quot;_ob_poopart_use&quot;:&quot;yes&quot;,&quot;_ob_shadough_use&quot;:&quot;no&quot;,&quot;_ob_allow_hoveranimator&quot;:&quot;no&quot;,&quot;_ob_widget_stalker_use&quot;:&quot;no&quot;}\" data-widget_type=\"text-editor.default\">\n\t\t\t\t<div class=\"elementor-widget-container\">\n\t\t\t\t\t\t\t\t\t<p>In 1997 the town of Tuttlingen celebrated its first documentary mention as &#8220;tuttiliningas&#8221; 1200 years ago with many festivals, cultural events and a large parade.<\/p>\n<p>The town&#8217;s landmark is the ruins of the fortress Honburg, built around 1460 and pulled down in 1645 on a Umlaufberg, around which the large district town with its 35,000 inhabitants has completely &#8220;built around&#8221; in recent years. A short steep climb is rewarded with a wonderful view directly into the city centre and far beyond.<\/p>\n<p>Particularly recognizable is the chessboard-like road construction principle in the inner city, built according to the designs of the agricultural architect Carl Leonhard von Uber after the devastating town fire of 1803.<\/p>\n<p>The market place with the idiosyncratic modern fountain pyramid and the town hall with classicist origins forms the town centre. Around it a pedestrian zone has been created with many shopping and gastronomic facilities. Only a few meters from the market place in the Bahnhofstra\u00dfe another landmark, the protestant town church built between 1815 and 1817 with a magnificent art nouveau facade and a highly interesting, almost unusual looking interior. In addition to the town hall in the direction of the Danube, the St\u00e4dtische Galerie, which opened in 1987, offers a good opportunity for a relaxing stay with its changing exhibitions.<\/p>\n<p>A few metres further to the west, the Place de Draguignan (Tuttlingen&#8217;s twin town) with its street caf\u00e9 offers perhaps the most beautiful place to sit down for a drink or a snack in the summer months. This square is also the centre of the annual &#8220;Tuttlingen Wine Route&#8221;, a convivial wine festival with culinary specialities, which brings thousands of sociable people together over a long weekend in a humid and cheerful atmosphere. It goes without saying that this festival, together with the big city festival and the &#8220;Honberg Summer&#8221;, a music and show festival with international stars, is a highlight in Tuttlingen&#8217;s art and festival year program.<\/p>\n<p>Once again, only a few more metres to the west of the Place de Draguignan is the magnificent &#8220;Fruchtkasten&#8221; (fruit box) with its striking green fa\u00e7ade, the city&#8217;s museum of local history, which is well worth seeing, with an extensive medical technology department that offers an overview from the beginnings to the present day.<\/p>\n<p>Opposite the museum entrance, the &#8220;Tuttlinger Haus&#8221; was only ceremonially opened in 1997. With its depiction of the way of life in past centuries, it completes the impressive museum offer in Tuttlingen.<\/p>\n<p>The economic life of this city is naturally shaped by the production of surgical instruments and medical technology. In addition to the world-famous market leaders Karl Storz and Aesculap (with the ultra-modern training centre &#8220;Aesculapium&#8221;), several hundred other small and medium-sized manufacturing and trading companies clearly form the economic backbone of the entire district. This entire historical development is also impressively documented in the Tuttlingen local history museum.<\/p>\n<p>Tuttlingen offers everything to make your stay in Tuttlingen an experience in addition to your business activities &#8211; Tuttlingen is fun! During your stay, take advantage of the hospitality of the hotels and guesthouses, the excellent traditional Swabian cuisine (of course, international cuisine is also well represented here) as well as the extensive leisure activities on offer, from tennis to swimming and bowling. One last tip for a stay in summer: rent a rowing boat on the Danube (opposite Hotel Stadt Tuttlingen) to find a completely different view of Tuttlingen in addition to guaranteed complete relaxation &#8211; we also offer this &#8211; and it is definitely worth it!<\/p>\n\t\t\t\t\t\t\t\t<\/div>\n\t\t\t\t<\/div>\n\t\t\t\t<div class=\"elementor-element elementor-element-f5a52f5 gallery-spacing-custom elementor-repeater-item-none elementor-repeater-item-none_hover ob-has-background-overlay elementor-widget elementor-widget-image-gallery\" data-id=\"f5a52f5\" data-element_type=\"widget\" data-e-type=\"widget\" data-settings=\"{&quot;_ob_perspektive_use&quot;:&quot;no&quot;,&quot;_ob_poopart_use&quot;:&quot;yes&quot;,&quot;_ob_shadough_use&quot;:&quot;no&quot;,&quot;_ob_allow_hoveranimator&quot;:&quot;no&quot;,&quot;_ob_widget_stalker_use&quot;:&quot;no&quot;}\" data-widget_type=\"image-gallery.default\">\n\t\t\t\t<div class=\"elementor-widget-container\">\n\t\t\t\t\t\t\t<div class=\"elementor-image-gallery\">\n\t\t\t<div id='gallery-1' class='gallery galleryid-1657 gallery-columns-3 gallery-size-medium_large'><figure class='gallery-item'>\n\t\t\t<div class='gallery-icon landscape'>\n\t\t\t\t<a data-elementor-open-lightbox=\"yes\" data-elementor-lightbox-slideshow=\"f5a52f5\" data-elementor-lightbox-title=\"Blick_auf_Tuttlingen_Weltzentrum_der_Medizintechnik_009\" data-e-action-hash=\"#elementor-action%3Aaction%3Dlightbox%26settings%3DeyJpZCI6MTQyNywidXJsIjoiaHR0cHM6XC9cL2FjaWctbWVkaWNhbC5kZVwvd3AtY29udGVudFwvdXBsb2Fkc1wvMjAyMFwvMDZcL0JsaWNrX2F1Zl9UdXR0bGluZ2VuX1dlbHR6ZW50cnVtX2Rlcl9NZWRpemludGVjaG5pa18wMDkuanBnIiwic2xpZGVzaG93IjoiZjVhNTJmNSJ9\" href='https:\/\/acig-medical.de\/wp-content\/uploads\/2020\/06\/Blick_auf_Tuttlingen_Weltzentrum_der_Medizintechnik_009.jpg'><img fetchpriority=\"high\" decoding=\"async\" width=\"768\" height=\"432\" src=\"https:\/\/acig-medical.de\/wp-content\/uploads\/2020\/06\/Blick_auf_Tuttlingen_Weltzentrum_der_Medizintechnik_009-768x432.jpg\" class=\"attachment-medium_large size-medium_large\" alt=\"\" srcset=\"https:\/\/acig-medical.de\/wp-content\/uploads\/2020\/06\/Blick_auf_Tuttlingen_Weltzentrum_der_Medizintechnik_009-768x432.jpg 768w, https:\/\/acig-medical.de\/wp-content\/uploads\/2020\/06\/Blick_auf_Tuttlingen_Weltzentrum_der_Medizintechnik_009-300x169.jpg 300w, https:\/\/acig-medical.de\/wp-content\/uploads\/2020\/06\/Blick_auf_Tuttlingen_Weltzentrum_der_Medizintechnik_009-1024x576.jpg 1024w, https:\/\/acig-medical.de\/wp-content\/uploads\/2020\/06\/Blick_auf_Tuttlingen_Weltzentrum_der_Medizintechnik_009-240x135.jpg 240w, https:\/\/acig-medical.de\/wp-content\/uploads\/2020\/06\/Blick_auf_Tuttlingen_Weltzentrum_der_Medizintechnik_009.jpg 1280w\" sizes=\"(max-width: 768px) 100vw, 768px\" \/><\/a>\n\t\t\t<\/div><\/figure><figure class='gallery-item'>\n\t\t\t<div class='gallery-icon landscape'>\n\t\t\t\t<a data-elementor-open-lightbox=\"yes\" data-elementor-lightbox-slideshow=\"f5a52f5\" data-elementor-lightbox-title=\"Blick_auf_Tuttlingen_Weltzentrum_der_Medizintechnik_007\" data-e-action-hash=\"#elementor-action%3Aaction%3Dlightbox%26settings%3DeyJpZCI6MTQxOSwidXJsIjoiaHR0cHM6XC9cL2FjaWctbWVkaWNhbC5kZVwvd3AtY29udGVudFwvdXBsb2Fkc1wvMjAyMFwvMDZcL0JsaWNrX2F1Zl9UdXR0bGluZ2VuX1dlbHR6ZW50cnVtX2Rlcl9NZWRpemludGVjaG5pa18wMDcuanBnIiwic2xpZGVzaG93IjoiZjVhNTJmNSJ9\" href='https:\/\/acig-medical.de\/wp-content\/uploads\/2020\/06\/Blick_auf_Tuttlingen_Weltzentrum_der_Medizintechnik_007.jpg'><img decoding=\"async\" width=\"768\" height=\"432\" src=\"https:\/\/acig-medical.de\/wp-content\/uploads\/2020\/06\/Blick_auf_Tuttlingen_Weltzentrum_der_Medizintechnik_007-768x432.jpg\" class=\"attachment-medium_large size-medium_large\" alt=\"\" srcset=\"https:\/\/acig-medical.de\/wp-content\/uploads\/2020\/06\/Blick_auf_Tuttlingen_Weltzentrum_der_Medizintechnik_007-768x432.jpg 768w, https:\/\/acig-medical.de\/wp-content\/uploads\/2020\/06\/Blick_auf_Tuttlingen_Weltzentrum_der_Medizintechnik_007-300x169.jpg 300w, https:\/\/acig-medical.de\/wp-content\/uploads\/2020\/06\/Blick_auf_Tuttlingen_Weltzentrum_der_Medizintechnik_007-1024x576.jpg 1024w, https:\/\/acig-medical.de\/wp-content\/uploads\/2020\/06\/Blick_auf_Tuttlingen_Weltzentrum_der_Medizintechnik_007-240x135.jpg 240w, https:\/\/acig-medical.de\/wp-content\/uploads\/2020\/06\/Blick_auf_Tuttlingen_Weltzentrum_der_Medizintechnik_007.jpg 1280w\" sizes=\"(max-width: 768px) 100vw, 768px\" \/><\/a>\n\t\t\t<\/div><\/figure><figure class='gallery-item'>\n\t\t\t<div class='gallery-icon landscape'>\n\t\t\t\t<a data-elementor-open-lightbox=\"yes\" data-elementor-lightbox-slideshow=\"f5a52f5\" data-elementor-lightbox-title=\"Blick_auf_Tuttlingen_Weltzentrum_der_Medizintechnik_002\" data-e-action-hash=\"#elementor-action%3Aaction%3Dlightbox%26settings%3DeyJpZCI6MTM5OSwidXJsIjoiaHR0cHM6XC9cL2FjaWctbWVkaWNhbC5kZVwvd3AtY29udGVudFwvdXBsb2Fkc1wvMjAyMFwvMDZcL0JsaWNrX2F1Zl9UdXR0bGluZ2VuX1dlbHR6ZW50cnVtX2Rlcl9NZWRpemludGVjaG5pa18wMDIuanBnIiwic2xpZGVzaG93IjoiZjVhNTJmNSJ9\" href='https:\/\/acig-medical.de\/wp-content\/uploads\/2020\/06\/Blick_auf_Tuttlingen_Weltzentrum_der_Medizintechnik_002.jpg'><img decoding=\"async\" width=\"768\" height=\"432\" src=\"https:\/\/acig-medical.de\/wp-content\/uploads\/2020\/06\/Blick_auf_Tuttlingen_Weltzentrum_der_Medizintechnik_002-768x432.jpg\" class=\"attachment-medium_large size-medium_large\" alt=\"\" srcset=\"https:\/\/acig-medical.de\/wp-content\/uploads\/2020\/06\/Blick_auf_Tuttlingen_Weltzentrum_der_Medizintechnik_002-768x432.jpg 768w, https:\/\/acig-medical.de\/wp-content\/uploads\/2020\/06\/Blick_auf_Tuttlingen_Weltzentrum_der_Medizintechnik_002-300x169.jpg 300w, https:\/\/acig-medical.de\/wp-content\/uploads\/2020\/06\/Blick_auf_Tuttlingen_Weltzentrum_der_Medizintechnik_002-1024x576.jpg 1024w, https:\/\/acig-medical.de\/wp-content\/uploads\/2020\/06\/Blick_auf_Tuttlingen_Weltzentrum_der_Medizintechnik_002-240x135.jpg 240w, https:\/\/acig-medical.de\/wp-content\/uploads\/2020\/06\/Blick_auf_Tuttlingen_Weltzentrum_der_Medizintechnik_002.jpg 1280w\" sizes=\"(max-width: 768px) 100vw, 768px\" \/><\/a>\n\t\t\t<\/div><\/figure>\n\t\t<\/div>\n\t\t<\/div>\n\t\t\t\t\t\t<\/div>\n\t\t\t\t<\/div>\n\t\t\t\t<div class=\"elementor-element elementor-element-f2e4ef0 ob-harakiri-inherit elementor-repeater-item-none elementor-repeater-item-none_hover ob-has-background-overlay elementor-widget elementor-widget-heading\" data-id=\"f2e4ef0\" data-element_type=\"widget\" data-e-type=\"widget\" data-settings=\"{&quot;_ob_use_harakiri&quot;:&quot;yes&quot;,&quot;_ob_harakiri_writing_mode&quot;:&quot;inherit&quot;,&quot;_ob_harakiri_text_clip&quot;:&quot;none&quot;,&quot;_ob_perspektive_use&quot;:&quot;no&quot;,&quot;_ob_poopart_use&quot;:&quot;yes&quot;,&quot;_ob_shadough_use&quot;:&quot;no&quot;,&quot;_ob_allow_hoveranimator&quot;:&quot;no&quot;,&quot;_ob_widget_stalker_use&quot;:&quot;no&quot;}\" data-widget_type=\"heading.default\">\n\t\t\t\t<div class=\"elementor-widget-container\">\n\t\t\t\t\t<h3 class=\"elementor-heading-title elementor-size-default\">The beautiful surroundings of Tuttlingen<\/h3>\t\t\t\t<\/div>\n\t\t\t\t<\/div>\n\t\t\t\t<div class=\"elementor-element elementor-element-45645229 ob-harakiri-inherit elementor-repeater-item-none elementor-repeater-item-none_hover ob-has-background-overlay elementor-widget elementor-widget-text-editor\" data-id=\"45645229\" data-element_type=\"widget\" data-e-type=\"widget\" data-settings=\"{&quot;_ob_use_harakiri&quot;:&quot;yes&quot;,&quot;_ob_harakiri_writing_mode&quot;:&quot;inherit&quot;,&quot;_ob_postman_use&quot;:&quot;no&quot;,&quot;_ob_perspektive_use&quot;:&quot;no&quot;,&quot;_ob_poopart_use&quot;:&quot;yes&quot;,&quot;_ob_shadough_use&quot;:&quot;no&quot;,&quot;_ob_allow_hoveranimator&quot;:&quot;no&quot;,&quot;_ob_widget_stalker_use&quot;:&quot;no&quot;}\" data-widget_type=\"text-editor.default\">\n\t\t\t\t<div class=\"elementor-widget-container\">\n\t\t\t\t\t\t\t\t\t<p>In only a few minutes by car from Tuttlingen&#8217;s city centre you can reach countless places and places worth seeing in the district and beyond.<\/p>\n<p><b>Here is a small selection:<\/b><\/p>\n<p>Of the three districts of E\u00dflingen, M\u00f6hringen and Nendingen, an excursion to <b>M\u00f6hringen <\/b>(6 km west of the city centre) is particularly worthwhile. A well-preserved townscape with many half-timbered houses, a stately town hall and the art-historically important parish church of St. Andreas make a tour of this state-approved climatic health resort worthwhile. To the Fasnet annually in February\/March M\u00f6hringen becomes the fool stronghold with many merry meetings.<\/p>\n<p>Further 5 km to the west you should not miss the natural spectacle of the <b>danube infiltration <\/b>. The largest part of the Danube water seeps away here and reappears 20 km south in the <b>Aachtopf <\/b>in Aach\/Hegau.<\/p>\n<p>To the north of Tuttlingen, you should take a short 2.5 km hike from <b>Klippeneck <\/b>high above Denkingen (21 km from Tuttlingen) with no difference in altitude to the <b>Dreifaltigkeitsberg <\/b>(985 m). The path leads constantly along the steep Albtrauf with wonderful viewpoints. Both the starting and end points of this excursion offer a good opportunity for a leisurely break.<br \/>\nProbably the most important and eventful excursion from Tuttlingen goes eastwards into the Danube valley. Via <b>Nendingen and M\u00fchlheim<\/b> with its medieval town centre high above the Danube you will reach Fridingen, founded around 1300, with its castle and beautifully restored half-timbered houses, after 14 km. This is where the most exciting part of the Danube valley begins with its steeply rising rock faces, partly accessible caves (including <b>Kolbinger H\u00f6hle<\/b>), its castles and the striking vantage points, whereby the <b>Knopfmacherfels <\/b>only 4 km further from <b>Fridingen <\/b>(easily accessible from the road in 3 minutes) deserves special mention. From this lookout pulpit you can see the famous Beuron Monastery, a <b>Benedictine archabbey<\/b> with elements of baroque and rococo. The location of the monastery in the middle of a wide rocky circle could not be more impressive. After another 25 km on a good road in the magnificent Danube valley you reach <b>Sigmaringen <\/b> with its famous castle.<\/p>\n<p>In south-east direction you reach the <b>Stockach <\/b> after approx. 25 km the <b>Bodensee<\/b> on the federal road.<\/p>\n<p>7 km south of Tuttlingen you will reach Tuttlingen&#8217;s local mountain, the <b>Witthoh <\/b> with 860 metres in altitude. With a good view, you can see not only the entire <b>Hegau<\/b>, but also the magnificent chain of Alps from the Allg\u00e4u via the S\u00e4ntis (2501 m) to the Bernese Oberland.<\/p>\n<p>Take your time for the magnificent surroundings. You can see for yourself &#8211; you won&#8217;t have to travel great distances to reach these destinations. Almost everywhere you will find cosy places to stop for a snack after a long walk.<\/p>\n<p>Are you in Tuttlingen without a car? No problem! A <strong>good local transport network<\/strong> will take you to all of the above destinations in an environmentally friendly way. Especially the trip with the <strong>Nature Park Express<\/strong> from Tuttlingen through the Danube Valley to Sigmaringen offers you the opportunity to enjoy these natural beauties unspoiled &#8211; and you really can&#8217;t get more relaxing than that!<b><br \/>\n<\/b><\/p>\n\t\t\t\t\t\t\t\t<\/div>\n\t\t\t\t<\/div>\n\t\t\t\t\t<\/div>\n\t\t<\/div>\n\t\t\t\t\t<\/div>\n\t\t<\/section>\n\t\t\t\t<\/div>\n\t\t","protected":false},"excerpt":{"rendered":"<p>Tuttlingen World centre of medical technology The history of Tuttlingen In 1997 the town of Tuttlingen celebrated its first documentary mention as &#8220;tuttiliningas&#8221; 1200 years ago with many festivals, cultural events and a large parade. The town&#8217;s landmark is the ruins of the fortress Honburg, built around 1460 and pulled down in 1645 on a [&hellip;]<\/p>\n","protected":false},"author":2,"featured_media":0,"parent":0,"menu_order":0,"comment_status":"closed","ping_status":"closed","template":"","meta":{"footnotes":""},"class_list":["post-1657","page","type-page","status-publish","hentry"],"_links":{"self":[{"href":"https:\/\/acig-medical.de\/en\/wp-json\/wp\/v2\/pages\/1657","targetHints":{"allow":["GET"]}}],"collection":[{"href":"https:\/\/acig-medical.de\/en\/wp-json\/wp\/v2\/pages"}],"about":[{"href":"https:\/\/acig-medical.de\/en\/wp-json\/wp\/v2\/types\/page"}],"author":[{"embeddable":true,"href":"https:\/\/acig-medical.de\/en\/wp-json\/wp\/v2\/users\/2"}],"replies":[{"embeddable":true,"href":"https:\/\/acig-medical.de\/en\/wp-json\/wp\/v2\/comments?post=1657"}],"version-history":[{"count":1,"href":"https:\/\/acig-medical.de\/en\/wp-json\/wp\/v2\/pages\/1657\/revisions"}],"predecessor-version":[{"id":1658,"href":"https:\/\/acig-medical.de\/en\/wp-json\/wp\/v2\/pages\/1657\/revisions\/1658"}],"wp:attachment":[{"href":"https:\/\/acig-medical.de\/en\/wp-json\/wp\/v2\/media?parent=1657"}],"curies":[{"name":"wp","href":"https:\/\/api.w.org\/{rel}","templated":true}]}}